{"id":5811,"date":"2025-09-23T19:03:50","date_gmt":"2025-09-23T16:03:50","guid":{"rendered":"https:\/\/www.mioro.com.tr\/?page_id=5811"},"modified":"2026-02-06T16:09:42","modified_gmt":"2026-02-06T13:09:42","slug":"elementor-5811","status":"publish","type":"page","link":"https:\/\/www.mioro.com.tr\/tr\/elementor-5811\/","title":{"rendered":"Bilgi Toplumu Hizmetleri"},"content":{"rendered":"<div data-elementor-type=\"wp-page\" data-elementor-id=\"5811\" class=\"elementor elementor-5811\">\n\t\t\t\t\t\t<section class=\"elementor-section elementor-top-section elementor-element elementor-element-3704f2e elementor-section-boxed elementor-section-height-default elementor-section-height-default\" data-id=\"3704f2e\" data-element_type=\"section\">\n\t\t\t\t\t\t<div class=\"elementor-container elementor-column-gap-default\">\n\t\t\t\t\t<div class=\"elementor-column elementor-col-100 elementor-top-column elementor-element elementor-element-3b4d6e8\" data-id=\"3b4d6e8\" data-element_type=\"column\">\n\t\t\t<div class=\"elementor-widget-wrap elementor-element-populated\">\n\t\t\t\t\t\t<div class=\"elementor-element elementor-element-315327d elementor-widget elementor-widget-heading\" data-id=\"315327d\" data-element_type=\"widget\" data-widget_type=\"heading.default\">\n\t\t\t\t<div class=\"elementor-widget-container\">\n\t\t\t\t\t<h2 class=\"elementor-heading-title elementor-size-default\">Bilgi Toplumu Hizmetleri<\/h2>\t\t\t\t<\/div>\n\t\t\t\t<\/div>\n\t\t\t\t\t<\/div>\n\t\t<\/div>\n\t\t\t\t\t<\/div>\n\t\t<\/section>\n\t\t\t\t<section class=\"elementor-section elementor-top-section elementor-element elementor-element-bdbecc3 elementor-section-boxed elementor-section-height-default elementor-section-height-default\" data-id=\"bdbecc3\" data-element_type=\"section\">\n\t\t\t\t\t\t<div class=\"elementor-container elementor-column-gap-default\">\n\t\t\t\t\t<div class=\"elementor-column elementor-col-100 elementor-top-column elementor-element elementor-element-d2fd96b\" data-id=\"d2fd96b\" data-element_type=\"column\">\n\t\t\t<div class=\"elementor-widget-wrap elementor-element-populated\">\n\t\t\t\t\t\t<div class=\"elementor-element elementor-element-f9257e9 elementor-widget elementor-widget-text-editor\" data-id=\"f9257e9\" data-element_type=\"widget\" data-widget_type=\"text-editor.default\">\n\t\t\t\t<div class=\"elementor-widget-container\">\n\t\t\t\t\t\t\t\t\t<p style=\"font-weight: 400;\">\u015eirket T\u00fcr\u00fc: Anonim \u015eirket<\/p><p style=\"font-weight: 400;\">Mersis no: 0621008250400019<\/p><p style=\"font-weight: 400;\">Ticaret Sicil Memurlu\u011fu : \u0130stanbul<\/p><p style=\"font-weight: 400;\">Ticaret Sicil no: 356540-0<\/p><p style=\"font-weight: 400;\">Ticaret \u00dcnvan\u0131 : Mioro Hediyelik E\u015fya Sanayi ve Ticaret Anonim \u015eirketi<\/p><p style=\"font-weight: 400;\">Adres : Yenibosna Merkez Mahallesi Kavak Sokak no:20 Bah\u00e7elievler\/\u0130stanbul<\/p><p style=\"font-weight: 400;\">\u00d6denen Sermaye Miktar\u0131 : 800.000.000TL<\/p><p style=\"font-weight: 400;\">Vergi Dairesi : Marmara Kurumlar<\/p><p style=\"font-weight: 400;\">Vergi Numaras\u0131 : 6210082504<\/p><p style=\"font-weight: 400;\">Sekt\u00f6r : De\u011ferli Metallerden tak\u0131 ve m\u00fccevherlerin imalat\u0131<\/p><p style=\"font-weight: 400;\">Y\u00f6netim Kurulu Ba\u015fkan\u0131 : \u0130lyas GEN\u00c7O\u011eLU<\/p><p style=\"font-weight: 400;\">Y\u00f6netim kurulu Ba\u015fkan Yard\u0131mc\u0131s\u0131 : Naim GEN\u00c7O\u011eLU<\/p><p style=\"font-weight: 400;\">Y\u00f6netim Kurulu \u00dcyesi : Sercan GEN\u00c7O\u011eLU<\/p><p style=\"font-weight: 400;\">Y\u00f6netim Kurulu \u00dcyesi: Umur GEN\u00c7O\u011eLU<\/p><p style=\"font-weight: 400;\">Se\u00e7ilen Denet\u00e7i : T\u00fcrev Yeminli Mali M\u00fc\u015favirlik ve Ba\u011f\u0131ms\u0131z Denetim A.\u015e.<\/p><p style=\"font-weight: 400;\">Se\u00e7ilen D\u00f6nem : 01\/01\/2024-31\/12\/2024<\/p><p><span style=\"text-decoration: underline;\"><strong><em><a href=\"https:\/\/www.mioro.com.tr\/wp-content\/uploads\/2025\/09\/Ticaret-Sicil-Gazetesi-18.12.2024-Denetci-Atama.pdf\">Ticaret Sicil Gazetesi &#8211; 18.12.2024 Denet\u00e7i Atama<\/a> <\/em><\/strong><\/span><br \/><span style=\"text-decoration: underline;\"><strong><em><a href=\"https:\/\/www.mioro.com.tr\/wp-content\/uploads\/2025\/09\/Ticaret-Sicil-Gazetesi-29.02.2024-Yeni-Imza-Sirkuleri.pdf\">Ticaret Sicil Gazetesi &#8211; 29.02.2024 Yeni \u0130mza Sirk\u00fcleri<\/a> <\/em><\/strong><\/span><br \/><span style=\"text-decoration: underline;\"><strong><em><a href=\"https:\/\/www.mioro.com.tr\/wp-content\/uploads\/2025\/09\/Ticaret-Sicil-Gazetesi-25.06.2024-Sermaye-Arttirimi-800.000.000-YK-Secimi.pdf\">Ticaret Sicil Gazetesi &#8211; 25.06.2024 Sermaye Artt\u0131r\u0131m\u0131 800.000.000 &#8211; YK Se\u00e7imi<\/a> <\/em><\/strong><\/span><br \/><span style=\"text-decoration: underline;\"><strong><em><a href=\"https:\/\/www.mioro.com.tr\/wp-content\/uploads\/2025\/09\/Ticaret-Sicil-Gazetesi-11.01.2024-Kuyumcukent-Sube-Acilis.pdf\">Ticaret Sicil Gazetesi &#8211; 11.01.2024 Kuyumcukent \u015eube A\u00e7\u0131l\u0131\u015f<\/a><\/em><\/strong><\/span><\/p>\t\t\t\t\t\t\t\t<\/div>\n\t\t\t\t<\/div>\n\t\t\t\t\t<\/div>\n\t\t<\/div>\n\t\t\t\t\t<\/div>\n\t\t<\/section>\n\t\t\t\t<\/div>","protected":false},"excerpt":{"rendered":"<p>Bilgi Toplumu Hizmetleri \u015eirket T\u00fcr\u00fc: Anonim \u015eirket Mersis no: 0621008250400019 Ticaret Sicil Memurlu\u011fu : \u0130stanbul Ticaret Sicil no: 356540-0 Ticaret \u00dcnvan\u0131 : Mioro Hediyelik E\u015fya Sanayi ve Ticaret Anonim \u015eirketi Adres : Yenibosna Merkez Mahallesi Kavak Sokak no:20 Bah\u00e7elievler\/\u0130stanbul \u00d6denen Sermaye Miktar\u0131 : 800.000.000TL Vergi Dairesi : Marmara Kurumlar Vergi Numaras\u0131 : 6210082504 Sekt\u00f6r : [&hellip;]<\/p>","protected":false},"author":1,"featured_media":0,"parent":0,"menu_order":0,"comment_status":"closed","ping_status":"closed","template":"","meta":{"inline_featured_image":false,"footnotes":""},"class_list":["post-5811","page","type-page","status-publish","hentry"],"yoast_head":"<!-- This site is optimized with the Yoast SEO plugin v25.6 - https:\/\/yoast.com\/wordpress\/plugins\/seo\/ -->\n<title>Bilgi Toplumu Hizmetleri - Mioro<\/title>\n<meta name=\"robots\" content=\"index, follow, max-snippet:-1, max-image-preview:large, max-video-preview:-1\" \/>\n<link rel=\"canonical\" href=\"https:\/\/www.mioro.com.tr\/tr\/elementor-5811\/\" \/>\n<meta property=\"og:locale\" content=\"tr_TR\" \/>\n<meta property=\"og:type\" content=\"article\" \/>\n<meta property=\"og:title\" content=\"Bilgi Toplumu Hizmetleri - Mioro\" \/>\n<meta property=\"og:description\" content=\"Bilgi Toplumu Hizmetleri \u015eirket T\u00fcr\u00fc: Anonim \u015eirket Mersis no: 0621008250400019 Ticaret Sicil Memurlu\u011fu : \u0130stanbul Ticaret Sicil no: 356540-0 Ticaret \u00dcnvan\u0131 : Mioro Hediyelik E\u015fya Sanayi ve Ticaret Anonim \u015eirketi Adres : Yenibosna Merkez Mahallesi Kavak Sokak no:20 Bah\u00e7elievler\/\u0130stanbul \u00d6denen Sermaye Miktar\u0131 : 800.000.000TL Vergi Dairesi : Marmara Kurumlar Vergi Numaras\u0131 : 6210082504 Sekt\u00f6r : [&hellip;]\" \/>\n<meta property=\"og:url\" content=\"https:\/\/www.mioro.com.tr\/tr\/elementor-5811\/\" \/>\n<meta property=\"og:site_name\" content=\"Mioro\" \/>\n<meta property=\"article:modified_time\" content=\"2026-02-06T13:09:42+00:00\" \/>\n<meta name=\"twitter:card\" content=\"summary_large_image\" \/>\n<meta name=\"twitter:label1\" content=\"Tahmini okuma s\u00fcresi\" \/>\n\t<meta name=\"twitter:data1\" content=\"1 dakika\" \/>\n<script type=\"application\/ld+json\" class=\"yoast-schema-graph\">{\"@context\":\"https:\/\/schema.org\",\"@graph\":[{\"@type\":\"WebPage\",\"@id\":\"https:\/\/www.mioro.com.tr\/elementor-5811\/\",\"url\":\"https:\/\/www.mioro.com.tr\/elementor-5811\/\",\"name\":\"Bilgi Toplumu Hizmetleri - Mioro\",\"isPartOf\":{\"@id\":\"https:\/\/www.mioro.com.tr\/#website\"},\"datePublished\":\"2025-09-23T16:03:50+00:00\",\"dateModified\":\"2026-02-06T13:09:42+00:00\",\"breadcrumb\":{\"@id\":\"https:\/\/www.mioro.com.tr\/elementor-5811\/#breadcrumb\"},\"inLanguage\":\"tr\",\"potentialAction\":[{\"@type\":\"ReadAction\",\"target\":[\"https:\/\/www.mioro.com.tr\/elementor-5811\/\"]}]},{\"@type\":\"BreadcrumbList\",\"@id\":\"https:\/\/www.mioro.com.tr\/elementor-5811\/#breadcrumb\",\"itemListElement\":[{\"@type\":\"ListItem\",\"position\":1,\"name\":\"Anasayfa\",\"item\":\"https:\/\/www.mioro.com.tr\/\"},{\"@type\":\"ListItem\",\"position\":2,\"name\":\"Bilgi Toplumu Hizmetleri\"}]},{\"@type\":\"WebSite\",\"@id\":\"https:\/\/www.mioro.com.tr\/#website\",\"url\":\"https:\/\/www.mioro.com.tr\/\",\"name\":\"Mioro\",\"description\":\"Alt\u0131n Zincir \u00dcreticisi ve Alt\u0131n Tak\u0131 \u00dcreticisi Toptanc\u0131s\u0131\",\"potentialAction\":[{\"@type\":\"SearchAction\",\"target\":{\"@type\":\"EntryPoint\",\"urlTemplate\":\"https:\/\/www.mioro.com.tr\/?s={search_term_string}\"},\"query-input\":{\"@type\":\"PropertyValueSpecification\",\"valueRequired\":true,\"valueName\":\"search_term_string\"}}],\"inLanguage\":\"tr\"}]}<\/script>\n<!-- \/ Yoast SEO plugin. -->","yoast_head_json":{"title":"Bilgi Toplumu Hizmetleri - Mioro","robots":{"index":"index","follow":"follow","max-snippet":"max-snippet:-1","max-image-preview":"max-image-preview:large","max-video-preview":"max-video-preview:-1"},"canonical":"https:\/\/www.mioro.com.tr\/tr\/elementor-5811\/","og_locale":"tr_TR","og_type":"article","og_title":"Bilgi Toplumu Hizmetleri - Mioro","og_description":"Bilgi Toplumu Hizmetleri \u015eirket T\u00fcr\u00fc: Anonim \u015eirket Mersis no: 0621008250400019 Ticaret Sicil Memurlu\u011fu : \u0130stanbul Ticaret Sicil no: 356540-0 Ticaret \u00dcnvan\u0131 : Mioro Hediyelik E\u015fya Sanayi ve Ticaret Anonim \u015eirketi Adres : Yenibosna Merkez Mahallesi Kavak Sokak no:20 Bah\u00e7elievler\/\u0130stanbul \u00d6denen Sermaye Miktar\u0131 : 800.000.000TL Vergi Dairesi : Marmara Kurumlar Vergi Numaras\u0131 : 6210082504 Sekt\u00f6r : [&hellip;]","og_url":"https:\/\/www.mioro.com.tr\/tr\/elementor-5811\/","og_site_name":"Mioro","article_modified_time":"2026-02-06T13:09:42+00:00","twitter_card":"summary_large_image","twitter_misc":{"Tahmini okuma s\u00fcresi":"1 dakika"},"schema":{"@context":"https:\/\/schema.org","@graph":[{"@type":"WebPage","@id":"https:\/\/www.mioro.com.tr\/elementor-5811\/","url":"https:\/\/www.mioro.com.tr\/elementor-5811\/","name":"Bilgi Toplumu Hizmetleri - Mioro","isPartOf":{"@id":"https:\/\/www.mioro.com.tr\/#website"},"datePublished":"2025-09-23T16:03:50+00:00","dateModified":"2026-02-06T13:09:42+00:00","breadcrumb":{"@id":"https:\/\/www.mioro.com.tr\/elementor-5811\/#breadcrumb"},"inLanguage":"tr","potentialAction":[{"@type":"ReadAction","target":["https:\/\/www.mioro.com.tr\/elementor-5811\/"]}]},{"@type":"BreadcrumbList","@id":"https:\/\/www.mioro.com.tr\/elementor-5811\/#breadcrumb","itemListElement":[{"@type":"ListItem","position":1,"name":"Anasayfa","item":"https:\/\/www.mioro.com.tr\/"},{"@type":"ListItem","position":2,"name":"Bilgi Toplumu Hizmetleri"}]},{"@type":"WebSite","@id":"https:\/\/www.mioro.com.tr\/#website","url":"https:\/\/www.mioro.com.tr\/","name":"Mioro","description":"Alt\u0131n Zincir \u00dcreticisi ve Alt\u0131n Tak\u0131 \u00dcreticisi Toptanc\u0131s\u0131","potentialAction":[{"@type":"SearchAction","target":{"@type":"EntryPoint","urlTemplate":"https:\/\/www.mioro.com.tr\/?s={search_term_string}"},"query-input":{"@type":"PropertyValueSpecification","valueRequired":true,"valueName":"search_term_string"}}],"inLanguage":"tr"}]}},"_links":{"self":[{"href":"https:\/\/www.mioro.com.tr\/tr\/wp-json\/wp\/v2\/pages\/5811","targetHints":{"allow":["GET"]}}],"collection":[{"href":"https:\/\/www.mioro.com.tr\/tr\/wp-json\/wp\/v2\/pages"}],"about":[{"href":"https:\/\/www.mioro.com.tr\/tr\/wp-json\/wp\/v2\/types\/page"}],"author":[{"embeddable":true,"href":"https:\/\/www.mioro.com.tr\/tr\/wp-json\/wp\/v2\/users\/1"}],"replies":[{"embeddable":true,"href":"https:\/\/www.mioro.com.tr\/tr\/wp-json\/wp\/v2\/comments?post=5811"}],"version-history":[{"count":22,"href":"https:\/\/www.mioro.com.tr\/tr\/wp-json\/wp\/v2\/pages\/5811\/revisions"}],"predecessor-version":[{"id":5890,"href":"https:\/\/www.mioro.com.tr\/tr\/wp-json\/wp\/v2\/pages\/5811\/revisions\/5890"}],"wp:attachment":[{"href":"https:\/\/www.mioro.com.tr\/tr\/wp-json\/wp\/v2\/media?parent=5811"}],"curies":[{"name":"wp","href":"https:\/\/api.w.org\/{rel}","templated":true}]}}