{"id":5485,"date":"2025-01-09T07:30:37","date_gmt":"2025-01-09T07:30:37","guid":{"rendered":"https:\/\/www.mioro.com.tr\/?page_id=5485"},"modified":"2025-01-09T09:27:25","modified_gmt":"2025-01-09T09:27:25","slug":"a-procedures-action-plans-and-strategies-for-responsible-business","status":"publish","type":"page","link":"https:\/\/www.mioro.com.tr\/tr\/a-procedures-action-plans-and-strategies-for-responsible-business\/","title":{"rendered":"Sorumlu \u0130\u015fletmecilik i\u00e7in Prosed\u00fcrler, Eylem Planlar\u0131 ve Stratejiler"},"content":{"rendered":"<div data-elementor-type=\"wp-page\" data-elementor-id=\"5485\" class=\"elementor elementor-5485\">\n\t\t\t\t\t\t<section class=\"elementor-section elementor-top-section elementor-element elementor-element-0060b0a elementor-section-boxed elementor-section-height-default elementor-section-height-default\" data-id=\"0060b0a\" data-element_type=\"section\">\n\t\t\t\t\t\t<div class=\"elementor-container elementor-column-gap-default\">\n\t\t\t\t\t<div class=\"elementor-column elementor-col-100 elementor-top-column elementor-element elementor-element-382f4a5\" data-id=\"382f4a5\" data-element_type=\"column\">\n\t\t\t<div class=\"elementor-widget-wrap elementor-element-populated\">\n\t\t\t\t\t\t<div class=\"elementor-element elementor-element-b545d2b elementor-widget elementor-widget-text-editor\" data-id=\"b545d2b\" data-element_type=\"widget\" data-widget_type=\"text-editor.default\">\n\t\t\t\t<div class=\"elementor-widget-container\">\n\t\t\t\t\t\t\t\t\t<h2>Sorumlu \u0130\u015fletmecilik i\u00e7in Prosed\u00fcrler, Eylem Planlar\u0131 ve Stratejiler<\/h2><p>\u00a0<\/p><h3>Practices to promote responsible business practices of our business partners<\/h3><p>PR.191 Publication Date: 20.12.2017 R.OI Revision Date: 23.12.2024<\/p><p>\u00a0<\/p><h3>1. Documented Procedures<\/h3><p>Mioro has established and implemented certain processes to promote responsible business practices. These procedures include:<\/p><ul><li>Determination of Business Partners and Risk Assessment Process:<\/li><li>Evaluation of business partners and identification of &#8216;significant&#8217; business relationships.<\/li><li>Risk assessment criteria: Business partner&#8217;s commercial volume, impact on reputation, environmental and social risks.<\/li><li>Documenting the relevant risks and defining solution methods in accordance with the obligations.<\/li><li>Sharing and Integration of Responsible Business Policies:<\/li><li>Sharing Mioro&#8217;s Responsible Business Practices Policies with all business partners. &#8211; Incorporating policies into employment contracts.<\/li><li>Communication and Information:<\/li><li>E-mail, newsletter and meeting organizations to ensure regular communication with business partners.<\/li><li>Preparation and sharing of training materials within and outside the company.<\/li><\/ul><p>\u00a0<\/p><h3>2. Action Plans<\/h3><p>Action plans that Mioro has established to promote responsible business practices with its business partners:<\/p><ul><li>Short Term Plans:<\/li><li>Delivery of Responsible Business Practices Policies to all business partners (within 1 month).<\/li><li>Preparation of risk assessment reports and sharing with senior management (within 3 months).<\/li><li>Initiating training programs and ensuring the participation of business partners.<\/li><li>Medium Term Plans:<\/li><li>Organizing special training and awareness-raising events for business partners.<\/li><li>Initiating joint projects with business partners to improve high-risk areas in the supply chain.<\/li><li>Long Term Plans:<\/li><li>Developing a continuous monitoring and reporting system that promotes responsible<\/li><\/ul><p>business practices.<\/p><p>&#8211; Ensuring that all Mioro&#8217;s business partners comply with sustainability targets.<\/p><p>\u00a0<\/p><h3>3. Stratejiler (Strategies for Promoting Responsible Business Practices)<\/h3><p>Mioro has developed comprehensive strategies for business partners to adopt responsible business practices:<\/p><ul><li>Raising Awareness:<\/li><li>Providing regular information to business partners about sustainability and social responsibility.<\/li><li>Sharing best practices in the industry.<\/li><li>Encouragement and Cooperation:<\/li><li>Organizing reward programs for business partners to ensure their success in responsible business practices.<\/li><li>Developing joint projects for sustainability and ethical business practices.<\/li><li>Audit and Monitoring:<\/li><li>Evaluating the progress of business partners through regular audits and monitoring processes.<\/li><\/ul><ul><li>Preparation of development plans according to audit results.<\/li><\/ul><p>Last Revision Date:<\/p><p>23.12.2024<\/p><p>APPROVED BY THE BOARD<\/p><p>OF DIRECTORS<\/p><p>Mioro Gift Shop San. And Trade. I nc.<\/p>\t\t\t\t\t\t\t\t<\/div>\n\t\t\t\t<\/div>\n\t\t\t\t\t<\/div>\n\t\t<\/div>\n\t\t\t\t\t<\/div>\n\t\t<\/section>\n\t\t\t\t<\/div>","protected":false},"excerpt":{"rendered":"<p>A Procedures, Action Plans and Strategies for Responsible Business \u00a0 Practices to promote responsible business practices of our business partners PR.191 Publication Date: 20.12.2017 R.OI Revision Date: 23.12.2024 \u00a0 1. Documented Procedures Mioro has established and implemented certain processes to promote responsible business practices. These procedures include: Determination of Business Partners and Risk Assessment Process: [&hellip;]<\/p>","protected":false},"author":1,"featured_media":0,"parent":0,"menu_order":0,"comment_status":"closed","ping_status":"closed","template":"","meta":{"inline_featured_image":false,"footnotes":""},"class_list":["post-5485","page","type-page","status-publish","hentry"],"yoast_head":"<!-- This site is optimized with the Yoast SEO plugin v25.6 - https:\/\/yoast.com\/wordpress\/plugins\/seo\/ -->\n<title>A Procedures, Action Plans and Strategies for Responsible Business - Mioro<\/title>\n<meta name=\"robots\" content=\"index, follow, max-snippet:-1, max-image-preview:large, max-video-preview:-1\" \/>\n<link rel=\"canonical\" href=\"https:\/\/www.mioro.com.tr\/tr\/a-procedures-action-plans-and-strategies-for-responsible-business\/\" \/>\n<meta property=\"og:locale\" content=\"tr_TR\" \/>\n<meta property=\"og:type\" content=\"article\" \/>\n<meta property=\"og:title\" content=\"A Procedures, Action Plans and Strategies for Responsible Business - Mioro\" \/>\n<meta property=\"og:description\" content=\"A Procedures, Action Plans and Strategies for Responsible Business \u00a0 Practices to promote responsible business practices of our business partners PR.191 Publication Date: 20.12.2017 R.OI Revision Date: 23.12.2024 \u00a0 1. Documented Procedures Mioro has established and implemented certain processes to promote responsible business practices. These procedures include: Determination of Business Partners and Risk Assessment Process: [&hellip;]\" \/>\n<meta property=\"og:url\" content=\"https:\/\/www.mioro.com.tr\/tr\/a-procedures-action-plans-and-strategies-for-responsible-business\/\" \/>\n<meta property=\"og:site_name\" content=\"Mioro\" \/>\n<meta property=\"article:modified_time\" content=\"2025-01-09T09:27:25+00:00\" \/>\n<meta name=\"twitter:card\" content=\"summary_large_image\" \/>\n<meta name=\"twitter:label1\" content=\"Tahmini okuma s\u00fcresi\" \/>\n\t<meta name=\"twitter:data1\" content=\"2 dakika\" \/>\n<script type=\"application\/ld+json\" class=\"yoast-schema-graph\">{\"@context\":\"https:\/\/schema.org\",\"@graph\":[{\"@type\":\"WebPage\",\"@id\":\"https:\/\/www.mioro.com.tr\/a-procedures-action-plans-and-strategies-for-responsible-business\/\",\"url\":\"https:\/\/www.mioro.com.tr\/a-procedures-action-plans-and-strategies-for-responsible-business\/\",\"name\":\"A Procedures, Action Plans and Strategies for Responsible Business - Mioro\",\"isPartOf\":{\"@id\":\"https:\/\/www.mioro.com.tr\/#website\"},\"datePublished\":\"2025-01-09T07:30:37+00:00\",\"dateModified\":\"2025-01-09T09:27:25+00:00\",\"breadcrumb\":{\"@id\":\"https:\/\/www.mioro.com.tr\/a-procedures-action-plans-and-strategies-for-responsible-business\/#breadcrumb\"},\"inLanguage\":\"tr\",\"potentialAction\":[{\"@type\":\"ReadAction\",\"target\":[\"https:\/\/www.mioro.com.tr\/a-procedures-action-plans-and-strategies-for-responsible-business\/\"]}]},{\"@type\":\"BreadcrumbList\",\"@id\":\"https:\/\/www.mioro.com.tr\/a-procedures-action-plans-and-strategies-for-responsible-business\/#breadcrumb\",\"itemListElement\":[{\"@type\":\"ListItem\",\"position\":1,\"name\":\"Anasayfa\",\"item\":\"https:\/\/www.mioro.com.tr\/\"},{\"@type\":\"ListItem\",\"position\":2,\"name\":\"A Procedures, Action Plans and Strategies for Responsible Business\"}]},{\"@type\":\"WebSite\",\"@id\":\"https:\/\/www.mioro.com.tr\/#website\",\"url\":\"https:\/\/www.mioro.com.tr\/\",\"name\":\"Mioro\",\"description\":\"Alt\u0131n Zincir \u00dcreticisi ve Alt\u0131n Tak\u0131 \u00dcreticisi Toptanc\u0131s\u0131\",\"potentialAction\":[{\"@type\":\"SearchAction\",\"target\":{\"@type\":\"EntryPoint\",\"urlTemplate\":\"https:\/\/www.mioro.com.tr\/?s={search_term_string}\"},\"query-input\":{\"@type\":\"PropertyValueSpecification\",\"valueRequired\":true,\"valueName\":\"search_term_string\"}}],\"inLanguage\":\"tr\"}]}<\/script>\n<!-- \/ Yoast SEO plugin. -->","yoast_head_json":{"title":"A Procedures, Action Plans and Strategies for Responsible Business - Mioro","robots":{"index":"index","follow":"follow","max-snippet":"max-snippet:-1","max-image-preview":"max-image-preview:large","max-video-preview":"max-video-preview:-1"},"canonical":"https:\/\/www.mioro.com.tr\/tr\/a-procedures-action-plans-and-strategies-for-responsible-business\/","og_locale":"tr_TR","og_type":"article","og_title":"A Procedures, Action Plans and Strategies for Responsible Business - Mioro","og_description":"A Procedures, Action Plans and Strategies for Responsible Business \u00a0 Practices to promote responsible business practices of our business partners PR.191 Publication Date: 20.12.2017 R.OI Revision Date: 23.12.2024 \u00a0 1. Documented Procedures Mioro has established and implemented certain processes to promote responsible business practices. These procedures include: Determination of Business Partners and Risk Assessment Process: [&hellip;]","og_url":"https:\/\/www.mioro.com.tr\/tr\/a-procedures-action-plans-and-strategies-for-responsible-business\/","og_site_name":"Mioro","article_modified_time":"2025-01-09T09:27:25+00:00","twitter_card":"summary_large_image","twitter_misc":{"Tahmini okuma s\u00fcresi":"2 dakika"},"schema":{"@context":"https:\/\/schema.org","@graph":[{"@type":"WebPage","@id":"https:\/\/www.mioro.com.tr\/a-procedures-action-plans-and-strategies-for-responsible-business\/","url":"https:\/\/www.mioro.com.tr\/a-procedures-action-plans-and-strategies-for-responsible-business\/","name":"A Procedures, Action Plans and Strategies for Responsible Business - Mioro","isPartOf":{"@id":"https:\/\/www.mioro.com.tr\/#website"},"datePublished":"2025-01-09T07:30:37+00:00","dateModified":"2025-01-09T09:27:25+00:00","breadcrumb":{"@id":"https:\/\/www.mioro.com.tr\/a-procedures-action-plans-and-strategies-for-responsible-business\/#breadcrumb"},"inLanguage":"tr","potentialAction":[{"@type":"ReadAction","target":["https:\/\/www.mioro.com.tr\/a-procedures-action-plans-and-strategies-for-responsible-business\/"]}]},{"@type":"BreadcrumbList","@id":"https:\/\/www.mioro.com.tr\/a-procedures-action-plans-and-strategies-for-responsible-business\/#breadcrumb","itemListElement":[{"@type":"ListItem","position":1,"name":"Anasayfa","item":"https:\/\/www.mioro.com.tr\/"},{"@type":"ListItem","position":2,"name":"A Procedures, Action Plans and Strategies for Responsible Business"}]},{"@type":"WebSite","@id":"https:\/\/www.mioro.com.tr\/#website","url":"https:\/\/www.mioro.com.tr\/","name":"Mioro","description":"Alt\u0131n Zincir \u00dcreticisi ve Alt\u0131n Tak\u0131 \u00dcreticisi Toptanc\u0131s\u0131","potentialAction":[{"@type":"SearchAction","target":{"@type":"EntryPoint","urlTemplate":"https:\/\/www.mioro.com.tr\/?s={search_term_string}"},"query-input":{"@type":"PropertyValueSpecification","valueRequired":true,"valueName":"search_term_string"}}],"inLanguage":"tr"}]}},"_links":{"self":[{"href":"https:\/\/www.mioro.com.tr\/tr\/wp-json\/wp\/v2\/pages\/5485","targetHints":{"allow":["GET"]}}],"collection":[{"href":"https:\/\/www.mioro.com.tr\/tr\/wp-json\/wp\/v2\/pages"}],"about":[{"href":"https:\/\/www.mioro.com.tr\/tr\/wp-json\/wp\/v2\/types\/page"}],"author":[{"embeddable":true,"href":"https:\/\/www.mioro.com.tr\/tr\/wp-json\/wp\/v2\/users\/1"}],"replies":[{"embeddable":true,"href":"https:\/\/www.mioro.com.tr\/tr\/wp-json\/wp\/v2\/comments?post=5485"}],"version-history":[{"count":6,"href":"https:\/\/www.mioro.com.tr\/tr\/wp-json\/wp\/v2\/pages\/5485\/revisions"}],"predecessor-version":[{"id":5548,"href":"https:\/\/www.mioro.com.tr\/tr\/wp-json\/wp\/v2\/pages\/5485\/revisions\/5548"}],"wp:attachment":[{"href":"https:\/\/www.mioro.com.tr\/tr\/wp-json\/wp\/v2\/media?parent=5485"}],"curies":[{"name":"wp","href":"https:\/\/api.w.org\/{rel}","templated":true}]}}