{"id":5396,"date":"2025-01-08T05:31:01","date_gmt":"2025-01-08T05:31:01","guid":{"rendered":"https:\/\/www.mioro.com.tr\/?page_id=5396"},"modified":"2025-01-08T05:51:56","modified_gmt":"2025-01-08T05:51:56","slug":"hotline","status":"publish","type":"page","link":"https:\/\/www.mioro.com.tr\/tr\/hotline\/","title":{"rendered":"Yard\u0131m Hatt\u0131"},"content":{"rendered":"<div data-elementor-type=\"wp-page\" data-elementor-id=\"5396\" class=\"elementor elementor-5396\">\n\t\t\t\t\t\t<section class=\"elementor-section elementor-top-section elementor-element elementor-element-4ba3977 elementor-section-boxed elementor-section-height-default elementor-section-height-default\" data-id=\"4ba3977\" data-element_type=\"section\">\n\t\t\t\t\t\t<div class=\"elementor-container elementor-column-gap-default\">\n\t\t\t\t\t<div class=\"elementor-column elementor-col-100 elementor-top-column elementor-element elementor-element-f5e2255\" data-id=\"f5e2255\" data-element_type=\"column\">\n\t\t\t<div class=\"elementor-widget-wrap elementor-element-populated\">\n\t\t\t\t\t\t<div class=\"elementor-element elementor-element-8062ecf elementor-widget elementor-widget-text-editor\" data-id=\"8062ecf\" data-element_type=\"widget\" data-widget_type=\"text-editor.default\">\n\t\t\t\t<div class=\"elementor-widget-container\">\n\t\t\t\t\t\t\t\t\t<p>\u00a0<\/p><h2>Hotline Service<\/h2><p>\u00a0<\/p><h3>Whistleblower Hotline<\/h3><p>We are committed to maintaining the highest standards of integrity, transparency, and ethical behavior. Our Whistleblower Hotline is a critical component of our corporate governance framework, providing a secure and confidential channel for employees, partners, and stakeholders to report concerns about unethical or illegal activities within our organization.<\/p><p>\u00a0<\/p><h3>Purpose of the Hotline<\/h3><p><br \/>The Whistleblower Hotline is designed to facilitate the reporting of:<\/p><ul><li>Fraud or financial misconduct<\/li><li>Violations of company policies or procedures<\/li><li>Workplace harassment or discrimination<\/li><li>Safety and environmental concerns<\/li><li>Any other unethical behavior or legal violations<\/li><li>\u00a0<\/li><\/ul><h3>Protection Against Retaliation<\/h3><p><br \/>We strictly prohibit any form of retaliation against individuals who report concerns in good faith. Retaliation can include termination, demotion, harassment, or any other adverse action. Any form of retaliation will be subject to disciplinary action, up to and including termination.<\/p><p>All reports can be made anonymously, and all information provided will be treated with the utmost confidentiality. We assure you that every report will be handled with the highest degree of professionalism, confidentiality, and respect. By fostering a culture of openness and accountability, we aim to ensure a safe and ethical working environment for all.<\/p><p>\u00a0<\/p><p>\u00a0<\/p><p>Thank you for your commitment to upholding our values and integrity.<\/p><p>\u00a0<\/p>\t\t\t\t\t\t\t\t<\/div>\n\t\t\t\t<\/div>\n\t\t\t\t\t<\/div>\n\t\t<\/div>\n\t\t\t\t\t<\/div>\n\t\t<\/section>\n\t\t\t\t<section class=\"elementor-section elementor-top-section elementor-element elementor-element-ee4d369 elementor-section-boxed elementor-section-height-default elementor-section-height-default\" data-id=\"ee4d369\" data-element_type=\"section\">\n\t\t\t\t\t\t<div class=\"elementor-container elementor-column-gap-default\">\n\t\t\t\t\t<div class=\"elementor-column elementor-col-100 elementor-top-column elementor-element elementor-element-b0c660f\" data-id=\"b0c660f\" data-element_type=\"column\">\n\t\t\t<div class=\"elementor-widget-wrap elementor-element-populated\">\n\t\t\t\t\t\t<div class=\"elementor-element elementor-element-5fee826 elementor-widget elementor-widget-mt-contact-form\" data-id=\"5fee826\" data-element_type=\"widget\" data-widget_type=\"mt-contact-form.default\">\n\t\t\t\t<div class=\"elementor-widget-container\">\n\t\t\t\t\t\n    <div class=\"mt-addons-contact-form      mt-addons_contact-form--theme_default\" id=\"mt-addons-uniqid-69f3cdccb1868\">\n      \n<div class=\"wpcf7 no-js\" id=\"wpcf7-f5403-o1\" lang=\"tr-TR\" dir=\"ltr\" data-wpcf7-id=\"5403\">\n<div class=\"screen-reader-response\"><p role=\"status\" aria-live=\"polite\" aria-atomic=\"true\"><\/p> <ul><\/ul><\/div>\n<form action=\"\/tr\/wp-json\/wp\/v2\/pages\/5396#wpcf7-f5403-o1\" method=\"post\" class=\"wpcf7-form init\" aria-label=\"\u0130leti\u015fim Formu\" novalidate=\"novalidate\" data-status=\"init\" data-trp-original-action=\"\/tr\/wp-json\/wp\/v2\/pages\/5396#wpcf7-f5403-o1\">\n<div style=\"display: none;\">\n<input type=\"hidden\" name=\"_wpcf7\" value=\"5403\" \/>\n<input type=\"hidden\" name=\"_wpcf7_version\" value=\"6.0.3\" \/>\n<input type=\"hidden\" name=\"_wpcf7_locale\" value=\"tr_TR\" \/>\n<input type=\"hidden\" name=\"_wpcf7_unit_tag\" value=\"wpcf7-f5403-o1\" \/>\n<input type=\"hidden\" name=\"_wpcf7_container_post\" value=\"0\" \/>\n<input type=\"hidden\" name=\"_wpcf7_posted_data_hash\" value=\"\" \/>\n<\/div>\n<p>You can send us your complaint anonymously<br \/>\n<label placeholder=\"Write a message here\"><br \/>\n<span class=\"wpcf7-form-control-wrap\" data-name=\"your-message\"><textarea cols=\"40\" rows=\"10\" maxlength=\"2000\" class=\"wpcf7-form-control wpcf7-textarea\" aria-invalid=\"false\" name=\"your-message\"><\/textarea><\/span> <\/label><br \/>\n<input class=\"wpcf7-form-control wpcf7-submit has-spinner\" type=\"submit\" value=\"Send\" \/>\n<\/p><div class=\"wpcf7-response-output\" aria-hidden=\"true\"><\/div>\n<input type=\"hidden\" name=\"trp-form-language\" value=\"tr\"\/><\/form>\n<\/div>\n    <\/div>\n\n        \t\t\t\t<\/div>\n\t\t\t\t<\/div>\n\t\t\t\t\t<\/div>\n\t\t<\/div>\n\t\t\t\t\t<\/div>\n\t\t<\/section>\n\t\t\t\t<\/div>","protected":false},"excerpt":{"rendered":"<p>\u00a0 Hotline Service \u00a0 Whistleblower Hotline We are committed to maintaining the highest standards of integrity, transparency, and ethical behavior. Our Whistleblower Hotline is a critical component of our corporate governance framework, providing a secure and confidential channel for employees, partners, and stakeholders to report concerns about unethical or illegal activities within our organization. \u00a0 [&hellip;]<\/p>","protected":false},"author":1,"featured_media":0,"parent":0,"menu_order":0,"comment_status":"closed","ping_status":"closed","template":"","meta":{"inline_featured_image":false,"footnotes":""},"class_list":["post-5396","page","type-page","status-publish","hentry"],"yoast_head":"<!-- This site is optimized with the Yoast SEO plugin v25.6 - https:\/\/yoast.com\/wordpress\/plugins\/seo\/ -->\n<title>Hotline - Mioro<\/title>\n<meta name=\"robots\" content=\"index, follow, max-snippet:-1, max-image-preview:large, max-video-preview:-1\" \/>\n<link rel=\"canonical\" href=\"https:\/\/www.mioro.com.tr\/tr\/hotline\/\" \/>\n<meta property=\"og:locale\" content=\"tr_TR\" \/>\n<meta property=\"og:type\" content=\"article\" \/>\n<meta property=\"og:title\" content=\"Hotline - Mioro\" \/>\n<meta property=\"og:description\" content=\"\u00a0 Hotline Service \u00a0 Whistleblower Hotline We are committed to maintaining the highest standards of integrity, transparency, and ethical behavior. Our Whistleblower Hotline is a critical component of our corporate governance framework, providing a secure and confidential channel for employees, partners, and stakeholders to report concerns about unethical or illegal activities within our organization. \u00a0 [&hellip;]\" \/>\n<meta property=\"og:url\" content=\"https:\/\/www.mioro.com.tr\/tr\/hotline\/\" \/>\n<meta property=\"og:site_name\" content=\"Mioro\" \/>\n<meta property=\"article:modified_time\" content=\"2025-01-08T05:51:56+00:00\" \/>\n<meta name=\"twitter:card\" content=\"summary_large_image\" \/>\n<meta name=\"twitter:label1\" content=\"Tahmini okuma s\u00fcresi\" \/>\n\t<meta name=\"twitter:data1\" content=\"1 dakika\" \/>\n<script type=\"application\/ld+json\" class=\"yoast-schema-graph\">{\"@context\":\"https:\/\/schema.org\",\"@graph\":[{\"@type\":\"WebPage\",\"@id\":\"https:\/\/www.mioro.com.tr\/hotline\/\",\"url\":\"https:\/\/www.mioro.com.tr\/hotline\/\",\"name\":\"Hotline - Mioro\",\"isPartOf\":{\"@id\":\"https:\/\/www.mioro.com.tr\/#website\"},\"datePublished\":\"2025-01-08T05:31:01+00:00\",\"dateModified\":\"2025-01-08T05:51:56+00:00\",\"breadcrumb\":{\"@id\":\"https:\/\/www.mioro.com.tr\/hotline\/#breadcrumb\"},\"inLanguage\":\"tr\",\"potentialAction\":[{\"@type\":\"ReadAction\",\"target\":[\"https:\/\/www.mioro.com.tr\/hotline\/\"]}]},{\"@type\":\"BreadcrumbList\",\"@id\":\"https:\/\/www.mioro.com.tr\/hotline\/#breadcrumb\",\"itemListElement\":[{\"@type\":\"ListItem\",\"position\":1,\"name\":\"Anasayfa\",\"item\":\"https:\/\/www.mioro.com.tr\/\"},{\"@type\":\"ListItem\",\"position\":2,\"name\":\"Hotline\"}]},{\"@type\":\"WebSite\",\"@id\":\"https:\/\/www.mioro.com.tr\/#website\",\"url\":\"https:\/\/www.mioro.com.tr\/\",\"name\":\"Mioro\",\"description\":\"Alt\u0131n Zincir \u00dcreticisi ve Alt\u0131n Tak\u0131 \u00dcreticisi Toptanc\u0131s\u0131\",\"potentialAction\":[{\"@type\":\"SearchAction\",\"target\":{\"@type\":\"EntryPoint\",\"urlTemplate\":\"https:\/\/www.mioro.com.tr\/?s={search_term_string}\"},\"query-input\":{\"@type\":\"PropertyValueSpecification\",\"valueRequired\":true,\"valueName\":\"search_term_string\"}}],\"inLanguage\":\"tr\"}]}<\/script>\n<!-- \/ Yoast SEO plugin. -->","yoast_head_json":{"title":"Hotline - Mioro","robots":{"index":"index","follow":"follow","max-snippet":"max-snippet:-1","max-image-preview":"max-image-preview:large","max-video-preview":"max-video-preview:-1"},"canonical":"https:\/\/www.mioro.com.tr\/tr\/hotline\/","og_locale":"tr_TR","og_type":"article","og_title":"Hotline - Mioro","og_description":"\u00a0 Hotline Service \u00a0 Whistleblower Hotline We are committed to maintaining the highest standards of integrity, transparency, and ethical behavior. Our Whistleblower Hotline is a critical component of our corporate governance framework, providing a secure and confidential channel for employees, partners, and stakeholders to report concerns about unethical or illegal activities within our organization. \u00a0 [&hellip;]","og_url":"https:\/\/www.mioro.com.tr\/tr\/hotline\/","og_site_name":"Mioro","article_modified_time":"2025-01-08T05:51:56+00:00","twitter_card":"summary_large_image","twitter_misc":{"Tahmini okuma s\u00fcresi":"1 dakika"},"schema":{"@context":"https:\/\/schema.org","@graph":[{"@type":"WebPage","@id":"https:\/\/www.mioro.com.tr\/hotline\/","url":"https:\/\/www.mioro.com.tr\/hotline\/","name":"Hotline - Mioro","isPartOf":{"@id":"https:\/\/www.mioro.com.tr\/#website"},"datePublished":"2025-01-08T05:31:01+00:00","dateModified":"2025-01-08T05:51:56+00:00","breadcrumb":{"@id":"https:\/\/www.mioro.com.tr\/hotline\/#breadcrumb"},"inLanguage":"tr","potentialAction":[{"@type":"ReadAction","target":["https:\/\/www.mioro.com.tr\/hotline\/"]}]},{"@type":"BreadcrumbList","@id":"https:\/\/www.mioro.com.tr\/hotline\/#breadcrumb","itemListElement":[{"@type":"ListItem","position":1,"name":"Anasayfa","item":"https:\/\/www.mioro.com.tr\/"},{"@type":"ListItem","position":2,"name":"Hotline"}]},{"@type":"WebSite","@id":"https:\/\/www.mioro.com.tr\/#website","url":"https:\/\/www.mioro.com.tr\/","name":"Mioro","description":"Alt\u0131n Zincir \u00dcreticisi ve Alt\u0131n Tak\u0131 \u00dcreticisi Toptanc\u0131s\u0131","potentialAction":[{"@type":"SearchAction","target":{"@type":"EntryPoint","urlTemplate":"https:\/\/www.mioro.com.tr\/?s={search_term_string}"},"query-input":{"@type":"PropertyValueSpecification","valueRequired":true,"valueName":"search_term_string"}}],"inLanguage":"tr"}]}},"_links":{"self":[{"href":"https:\/\/www.mioro.com.tr\/tr\/wp-json\/wp\/v2\/pages\/5396","targetHints":{"allow":["GET"]}}],"collection":[{"href":"https:\/\/www.mioro.com.tr\/tr\/wp-json\/wp\/v2\/pages"}],"about":[{"href":"https:\/\/www.mioro.com.tr\/tr\/wp-json\/wp\/v2\/types\/page"}],"author":[{"embeddable":true,"href":"https:\/\/www.mioro.com.tr\/tr\/wp-json\/wp\/v2\/users\/1"}],"replies":[{"embeddable":true,"href":"https:\/\/www.mioro.com.tr\/tr\/wp-json\/wp\/v2\/comments?post=5396"}],"version-history":[{"count":8,"href":"https:\/\/www.mioro.com.tr\/tr\/wp-json\/wp\/v2\/pages\/5396\/revisions"}],"predecessor-version":[{"id":5410,"href":"https:\/\/www.mioro.com.tr\/tr\/wp-json\/wp\/v2\/pages\/5396\/revisions\/5410"}],"wp:attachment":[{"href":"https:\/\/www.mioro.com.tr\/tr\/wp-json\/wp\/v2\/media?parent=5396"}],"curies":[{"name":"wp","href":"https:\/\/api.w.org\/{rel}","templated":true}]}}