{"id":4765,"date":"2024-01-24T10:18:31","date_gmt":"2024-01-24T10:18:31","guid":{"rendered":"https:\/\/www.mioro.com.tr\/?page_id=4765"},"modified":"2024-04-26T12:02:15","modified_gmt":"2024-04-26T12:02:15","slug":"occupational-health-and-safety-policy","status":"publish","type":"page","link":"https:\/\/www.mioro.com.tr\/tr\/occupational-health-and-safety-policy\/","title":{"rendered":"\u0130\u015f Sa\u011fl\u0131\u011f\u0131 ve G\u00fcvenli\u011fi Politikas\u0131"},"content":{"rendered":"<div data-elementor-type=\"wp-page\" data-elementor-id=\"4765\" class=\"elementor elementor-4765\">\n\t\t\t\t\t\t<section class=\"elementor-section elementor-top-section elementor-element elementor-element-58ce6ba elementor-section-boxed elementor-section-height-default elementor-section-height-default\" data-id=\"58ce6ba\" data-element_type=\"section\">\n\t\t\t\t\t\t<div class=\"elementor-container elementor-column-gap-default\">\n\t\t\t\t\t<div class=\"elementor-column elementor-col-100 elementor-top-column elementor-element elementor-element-99dc652\" data-id=\"99dc652\" data-element_type=\"column\">\n\t\t\t<div class=\"elementor-widget-wrap elementor-element-populated\">\n\t\t\t\t\t\t<div class=\"elementor-element elementor-element-1089abe elementor-widget elementor-widget-text-editor\" data-id=\"1089abe\" data-element_type=\"widget\" data-widget_type=\"text-editor.default\">\n\t\t\t\t<div class=\"elementor-widget-container\">\n\t\t\t\t\t\t\t\t\t<h2>POL-04 Occupational Health and Safety Policy<\/h2><div>\u00a0<\/div><h3>Objective and Scope<\/h3><div>The Occupational Health and Safety Policy adopted by Mioro A.\u015e. is based on respect for people and the environment in which they live. Occupational Health and Safety (OHS) is the top priority in every field where Mioro operates, expressing this understanding with the slogan \u2018work safely, stay healthy\u2019. To ensure a safe and healthy working environment, everyone is responsible for doing what is necessary within their authority. One of our most important goals is to protect all our employees and the environment from potential risks in our industry.<\/div><div>\u00a0<\/div><h3>Responsibilities<\/h3><div>The Employer\/Employer Representative, Occupational Safety Specialist, and Workplace Physician are responsible.<\/div><div>\u00a0<\/div><h3>Implementation<\/h3><div>\u00a0<\/div><div>\u2022In the workplace and its annexes, to ensure the health and safety of employees, subcontractors, visitors, and company personnel working outside the workplace, to take all necessary measures in accordance with the current OHS legislation and other related requirements, to provide and ensure the use of tools, equipment, and Personal Protective Equipment (PPE) when necessary,<\/div><div>\u2022To identify and eliminate unsafe conditions and actions that may cause workplace accidents and occupational diseases, to identify potential accident risks through effective risk assessment,<\/div><div>\u2022To identify risks of workplace accidents and occupational diseases and to ensure the health, safety, and welfare of employees, visitors, and subcontractors at all levels,<\/div><div>\u2022To educate our employees in the field of occupational health and safety and ensure that they reach a good level of occupational health and safety awareness,<\/div><div>\u2022To ensure that workplace visitors comply with the occupational health and safety rules set by Mioro A.\u015e.,<\/div><div>\u2022To anticipate possible situations that may arise in the future considering the development of the industrial world, to continuously improve and review our situation,<\/div><div>\u2022We undertake to ensure the continuity of our OHS Management System established and implemented accordingly.<\/div><div>\u2022All Mioro employees and parties defined in the Environmental Management System are expected to comply with this policy and the Environmental Management System implementing this policy. This document is the responsibility of the OHS Management Representative and the OHS Management System has been prepared to meet all requirements. The current version of the document is open to use and review by all personnel determined by senior management.<\/div>\t\t\t\t\t\t\t\t<\/div>\n\t\t\t\t<\/div>\n\t\t\t\t\t<\/div>\n\t\t<\/div>\n\t\t\t\t\t<\/div>\n\t\t<\/section>\n\t\t\t\t<\/div>","protected":false},"excerpt":{"rendered":"<p>POL-04 Occupational Health and Safety Policy \u00a0 Objective and Scope The Occupational Health and Safety Policy adopted by Mioro A.\u015e. is based on respect for people and the environment in which they live. Occupational Health and Safety (OHS) is the top priority in every field where Mioro operates, expressing this understanding with the slogan \u2018work [&hellip;]<\/p>","protected":false},"author":1,"featured_media":0,"parent":0,"menu_order":0,"comment_status":"closed","ping_status":"closed","template":"","meta":{"inline_featured_image":false,"footnotes":""},"class_list":["post-4765","page","type-page","status-publish","hentry"],"yoast_head":"<!-- This site is optimized with the Yoast SEO plugin v25.6 - https:\/\/yoast.com\/wordpress\/plugins\/seo\/ -->\n<title>Occupational Health and Safety Policy - Mioro<\/title>\n<meta name=\"robots\" content=\"index, follow, max-snippet:-1, max-image-preview:large, max-video-preview:-1\" \/>\n<link rel=\"canonical\" href=\"https:\/\/www.mioro.com.tr\/tr\/occupational-health-and-safety-policy\/\" \/>\n<meta property=\"og:locale\" content=\"tr_TR\" \/>\n<meta property=\"og:type\" content=\"article\" \/>\n<meta property=\"og:title\" content=\"Occupational Health and Safety Policy - Mioro\" \/>\n<meta property=\"og:description\" content=\"POL-04 Occupational Health and Safety Policy \u00a0 Objective and Scope The Occupational Health and Safety Policy adopted by Mioro A.\u015e. is based on respect for people and the environment in which they live. Occupational Health and Safety (OHS) is the top priority in every field where Mioro operates, expressing this understanding with the slogan \u2018work [&hellip;]\" \/>\n<meta property=\"og:url\" content=\"https:\/\/www.mioro.com.tr\/tr\/occupational-health-and-safety-policy\/\" \/>\n<meta property=\"og:site_name\" content=\"Mioro\" \/>\n<meta property=\"article:modified_time\" content=\"2024-04-26T12:02:15+00:00\" \/>\n<meta name=\"twitter:card\" content=\"summary_large_image\" \/>\n<meta name=\"twitter:label1\" content=\"Tahmini okuma s\u00fcresi\" \/>\n\t<meta name=\"twitter:data1\" content=\"2 dakika\" \/>\n<script type=\"application\/ld+json\" class=\"yoast-schema-graph\">{\"@context\":\"https:\/\/schema.org\",\"@graph\":[{\"@type\":\"WebPage\",\"@id\":\"https:\/\/www.mioro.com.tr\/occupational-health-and-safety-policy\/\",\"url\":\"https:\/\/www.mioro.com.tr\/occupational-health-and-safety-policy\/\",\"name\":\"Occupational Health and Safety Policy - Mioro\",\"isPartOf\":{\"@id\":\"https:\/\/www.mioro.com.tr\/#website\"},\"datePublished\":\"2024-01-24T10:18:31+00:00\",\"dateModified\":\"2024-04-26T12:02:15+00:00\",\"breadcrumb\":{\"@id\":\"https:\/\/www.mioro.com.tr\/occupational-health-and-safety-policy\/#breadcrumb\"},\"inLanguage\":\"tr\",\"potentialAction\":[{\"@type\":\"ReadAction\",\"target\":[\"https:\/\/www.mioro.com.tr\/occupational-health-and-safety-policy\/\"]}]},{\"@type\":\"BreadcrumbList\",\"@id\":\"https:\/\/www.mioro.com.tr\/occupational-health-and-safety-policy\/#breadcrumb\",\"itemListElement\":[{\"@type\":\"ListItem\",\"position\":1,\"name\":\"Anasayfa\",\"item\":\"https:\/\/www.mioro.com.tr\/\"},{\"@type\":\"ListItem\",\"position\":2,\"name\":\"Occupational Health and Safety Policy\"}]},{\"@type\":\"WebSite\",\"@id\":\"https:\/\/www.mioro.com.tr\/#website\",\"url\":\"https:\/\/www.mioro.com.tr\/\",\"name\":\"Mioro\",\"description\":\"Alt\u0131n Zincir \u00dcreticisi ve Alt\u0131n Tak\u0131 \u00dcreticisi Toptanc\u0131s\u0131\",\"potentialAction\":[{\"@type\":\"SearchAction\",\"target\":{\"@type\":\"EntryPoint\",\"urlTemplate\":\"https:\/\/www.mioro.com.tr\/?s={search_term_string}\"},\"query-input\":{\"@type\":\"PropertyValueSpecification\",\"valueRequired\":true,\"valueName\":\"search_term_string\"}}],\"inLanguage\":\"tr\"}]}<\/script>\n<!-- \/ Yoast SEO plugin. -->","yoast_head_json":{"title":"Occupational Health and Safety Policy - Mioro","robots":{"index":"index","follow":"follow","max-snippet":"max-snippet:-1","max-image-preview":"max-image-preview:large","max-video-preview":"max-video-preview:-1"},"canonical":"https:\/\/www.mioro.com.tr\/tr\/occupational-health-and-safety-policy\/","og_locale":"tr_TR","og_type":"article","og_title":"Occupational Health and Safety Policy - Mioro","og_description":"POL-04 Occupational Health and Safety Policy \u00a0 Objective and Scope The Occupational Health and Safety Policy adopted by Mioro A.\u015e. is based on respect for people and the environment in which they live. Occupational Health and Safety (OHS) is the top priority in every field where Mioro operates, expressing this understanding with the slogan \u2018work [&hellip;]","og_url":"https:\/\/www.mioro.com.tr\/tr\/occupational-health-and-safety-policy\/","og_site_name":"Mioro","article_modified_time":"2024-04-26T12:02:15+00:00","twitter_card":"summary_large_image","twitter_misc":{"Tahmini okuma s\u00fcresi":"2 dakika"},"schema":{"@context":"https:\/\/schema.org","@graph":[{"@type":"WebPage","@id":"https:\/\/www.mioro.com.tr\/occupational-health-and-safety-policy\/","url":"https:\/\/www.mioro.com.tr\/occupational-health-and-safety-policy\/","name":"Occupational Health and Safety Policy - Mioro","isPartOf":{"@id":"https:\/\/www.mioro.com.tr\/#website"},"datePublished":"2024-01-24T10:18:31+00:00","dateModified":"2024-04-26T12:02:15+00:00","breadcrumb":{"@id":"https:\/\/www.mioro.com.tr\/occupational-health-and-safety-policy\/#breadcrumb"},"inLanguage":"tr","potentialAction":[{"@type":"ReadAction","target":["https:\/\/www.mioro.com.tr\/occupational-health-and-safety-policy\/"]}]},{"@type":"BreadcrumbList","@id":"https:\/\/www.mioro.com.tr\/occupational-health-and-safety-policy\/#breadcrumb","itemListElement":[{"@type":"ListItem","position":1,"name":"Anasayfa","item":"https:\/\/www.mioro.com.tr\/"},{"@type":"ListItem","position":2,"name":"Occupational Health and Safety Policy"}]},{"@type":"WebSite","@id":"https:\/\/www.mioro.com.tr\/#website","url":"https:\/\/www.mioro.com.tr\/","name":"Mioro","description":"Alt\u0131n Zincir \u00dcreticisi ve Alt\u0131n Tak\u0131 \u00dcreticisi Toptanc\u0131s\u0131","potentialAction":[{"@type":"SearchAction","target":{"@type":"EntryPoint","urlTemplate":"https:\/\/www.mioro.com.tr\/?s={search_term_string}"},"query-input":{"@type":"PropertyValueSpecification","valueRequired":true,"valueName":"search_term_string"}}],"inLanguage":"tr"}]}},"_links":{"self":[{"href":"https:\/\/www.mioro.com.tr\/tr\/wp-json\/wp\/v2\/pages\/4765","targetHints":{"allow":["GET"]}}],"collection":[{"href":"https:\/\/www.mioro.com.tr\/tr\/wp-json\/wp\/v2\/pages"}],"about":[{"href":"https:\/\/www.mioro.com.tr\/tr\/wp-json\/wp\/v2\/types\/page"}],"author":[{"embeddable":true,"href":"https:\/\/www.mioro.com.tr\/tr\/wp-json\/wp\/v2\/users\/1"}],"replies":[{"embeddable":true,"href":"https:\/\/www.mioro.com.tr\/tr\/wp-json\/wp\/v2\/comments?post=4765"}],"version-history":[{"count":8,"href":"https:\/\/www.mioro.com.tr\/tr\/wp-json\/wp\/v2\/pages\/4765\/revisions"}],"predecessor-version":[{"id":5095,"href":"https:\/\/www.mioro.com.tr\/tr\/wp-json\/wp\/v2\/pages\/4765\/revisions\/5095"}],"wp:attachment":[{"href":"https:\/\/www.mioro.com.tr\/tr\/wp-json\/wp\/v2\/media?parent=4765"}],"curies":[{"name":"wp","href":"https:\/\/api.w.org\/{rel}","templated":true}]}}