{"id":4693,"date":"2024-01-24T08:55:58","date_gmt":"2024-01-24T08:55:58","guid":{"rendered":"https:\/\/www.mioro.com.tr\/?page_id=4693"},"modified":"2024-01-24T09:08:11","modified_gmt":"2024-01-24T09:08:11","slug":"environmental-policy","status":"publish","type":"page","link":"https:\/\/www.mioro.com.tr\/tr\/environmental-policy\/","title":{"rendered":"\u00c7evre Politikas\u0131"},"content":{"rendered":"<div data-elementor-type=\"wp-page\" data-elementor-id=\"4693\" class=\"elementor elementor-4693\">\n\t\t\t\t\t\t<section class=\"elementor-section elementor-top-section elementor-element elementor-element-41183cb elementor-section-boxed elementor-section-height-default elementor-section-height-default\" data-id=\"41183cb\" data-element_type=\"section\">\n\t\t\t\t\t\t<div class=\"elementor-container elementor-column-gap-default\">\n\t\t\t\t\t<div class=\"elementor-column elementor-col-100 elementor-top-column elementor-element elementor-element-4250ea6\" data-id=\"4250ea6\" data-element_type=\"column\">\n\t\t\t<div class=\"elementor-widget-wrap elementor-element-populated\">\n\t\t\t\t\t\t<div class=\"elementor-element elementor-element-2dea57f elementor-widget elementor-widget-text-editor\" data-id=\"2dea57f\" data-element_type=\"widget\" data-widget_type=\"text-editor.default\">\n\t\t\t\t<div class=\"elementor-widget-container\">\n\t\t\t\t\t\t\t\t\t<h2>\u00c7evre Politikam\u0131z<\/h2><h4>Ama\u00e7 ve Kapsam<\/h4><p>\u00c7evremizi korumak ve s\u00fcreklili\u011fini sa\u011flamak i\u00e7in t\u00fcm \u00e7evre yasa ve y\u00f6netmenliklerine uyarak \u00c7evre etkilerini kontrol alt\u0131na tutarak bu etkileri azaltarak \u00e7evresel performans\u0131m\u0131z\u0131 s\u00fcrekli iyile\u015ftirmek ve bu bilincin t\u00fcm \u00fcr\u00fcn \u00fcretim faaliyetini \u2018<strong>Operasyonel \u0130\u015f M\u00fckemmelli\u011fi<\/strong>\u2019 ile ger\u00e7ekle\u015ftirerek gelecek ku\u015faklara ya\u015fanabilir temiz bir \u00e7evre b\u0131rakmakt\u0131r.<\/p><h4>Sorumluluklar<\/h4><p><strong>\u00c7evre Y\u00f6netim Temsilcisi<\/strong> sorumlulu\u011fundad\u0131r.<\/p><h4>Uygulama<\/h4><p><strong>Mioro<\/strong> olarak, \u00fcretim faaliyetlerimizin, \u00fcr\u00fcnlerimizin ve hizmetlerimizin \u00e7evre performanslar\u0131n\u0131 s\u00fcrekli geli\u015ftirerek, kaynaklar\u0131m\u0131z\u0131n do\u011fal dengelerini bozmadan, gerekli mevzuat y\u00fck\u00fcml\u00fcl\u00fcklerine ve ilgili taraflar\u0131n beklentilerine uyum g\u00f6stererek, \u00e7evre kirlili\u011fini kayna\u011f\u0131nda \u00f6nleyerek, s\u00fcrd\u00fcr\u00fclebilir \u00e7evre y\u00f6netim sistemi olu\u015fturmay\u0131 ve bu ama\u00e7lar do\u011frultusunda \u00e7evrenin s\u00fcrekli korunmas\u0131n\u0131 taahh\u00fct ederiz.<\/p><h4 style=\"text-decoration: underline;\"><strong>\u00c7evre Ama\u00e7 ve Hedeflerimiz;<\/strong><\/h4><p>\u2022 At\u0131klar\u0131n uygun \u015fekillerde toplanarak at\u0131lmas\u0131 ve at\u0131klar\u0131n azalt\u0131lmas\u0131,<br \/>\u2022 Enerji t\u00fcketiminde tasarruf,<br \/>\u2022 \u00c7evre bilincinin geli\u015ftirilmesi,<br \/>\u2022 Su t\u00fcketiminde tasarruf,<br \/>\u2022 Tehlikeli at\u0131klar\u0131n uygun \u015fekillerde toplanmas\u0131, at\u0131lmas\u0131 ve\/veya geri kazan\u0131m\u0131,<br \/>\u2022 Hava, su ve topra\u011fa giden at\u0131klar\u0131m\u0131zda \u00e7evre etkileri ve kirlenmeyi en aza indirmek, proses, ar\u0131tma, uzakla\u015ft\u0131rma, depolama s\u0131ras\u0131nda do\u011fan etkileri kontrol alt\u0131nda tutmak, tasarrufu te\u015fvik etmek ve do\u011fal kaynaklar\u0131n verimli kullan\u0131lmas\u0131n\u0131 sa\u011flamak, geli\u015fen teknolojilerin takibi ile at\u0131klardan geri kazan\u0131ma y\u00f6nelmek.<\/p><p>T\u00fcm Mioro \u00e7al\u0131\u015fanlar\u0131n\u0131n ve \u00c7evre Y\u00f6netim Sisteminde tan\u0131mlanan belirli kurum d\u0131\u015f\u0131 taraflar\u0131n bu politikaya ve bu politikay\u0131 uygulayan \u00c7evre Y\u00f6netim Sistemine uymalar\u0131 beklenmektedir.<br \/>Bu dok\u00fcman, \u00c7evre Y\u00f6netim Temsilcisinin sorumlulu\u011fu alt\u0131ndad\u0131r ve \u00c7evre Y\u00f6netim Sistemi t\u00fcm gereklerini kar\u015f\u0131lamak \u00fczere haz\u0131rlanm\u0131\u015ft\u0131r. Dok\u00fcman\u0131n g\u00fcncel s\u00fcr\u00fcm\u00fc, \u00fcst y\u00f6netimce belirlenmi\u015f t\u00fcm personelin kullan\u0131m\u0131na ve g\u00f6zden ge\u00e7irmesine a\u00e7\u0131kt\u0131r.<\/p>\t\t\t\t\t\t\t\t<\/div>\n\t\t\t\t<\/div>\n\t\t\t\t\t<\/div>\n\t\t<\/div>\n\t\t\t\t\t<\/div>\n\t\t<\/section>\n\t\t\t\t<\/div>","protected":false},"excerpt":{"rendered":"<p>\u00c7evre Politikam\u0131z Ama\u00e7 ve Kapsam \u00c7evremizi korumak ve s\u00fcreklili\u011fini sa\u011flamak i\u00e7in t\u00fcm \u00e7evre yasa ve y\u00f6netmenliklerine uyarak \u00c7evre etkilerini kontrol alt\u0131na tutarak bu etkileri azaltarak \u00e7evresel performans\u0131m\u0131z\u0131 s\u00fcrekli iyile\u015ftirmek ve bu bilincin t\u00fcm \u00fcr\u00fcn \u00fcretim faaliyetini \u2018Operasyonel \u0130\u015f M\u00fckemmelli\u011fi\u2019 ile ger\u00e7ekle\u015ftirerek gelecek ku\u015faklara ya\u015fanabilir temiz bir \u00e7evre b\u0131rakmakt\u0131r. Sorumluluklar \u00c7evre Y\u00f6netim Temsilcisi sorumlulu\u011fundad\u0131r. Uygulama Mioro [&hellip;]<\/p>","protected":false},"author":1,"featured_media":0,"parent":0,"menu_order":0,"comment_status":"closed","ping_status":"closed","template":"","meta":{"inline_featured_image":false,"footnotes":""},"class_list":["post-4693","page","type-page","status-publish","hentry"],"yoast_head":"<!-- This site is optimized with the Yoast SEO plugin v25.6 - https:\/\/yoast.com\/wordpress\/plugins\/seo\/ -->\n<title>Environmental Policy - Mioro<\/title>\n<meta name=\"robots\" content=\"index, follow, max-snippet:-1, max-image-preview:large, max-video-preview:-1\" \/>\n<link rel=\"canonical\" href=\"https:\/\/www.mioro.com.tr\/tr\/environmental-policy\/\" \/>\n<meta property=\"og:locale\" content=\"tr_TR\" \/>\n<meta property=\"og:type\" content=\"article\" \/>\n<meta property=\"og:title\" content=\"Environmental Policy - Mioro\" \/>\n<meta property=\"og:description\" content=\"\u00c7evre Politikam\u0131z Ama\u00e7 ve Kapsam \u00c7evremizi korumak ve s\u00fcreklili\u011fini sa\u011flamak i\u00e7in t\u00fcm \u00e7evre yasa ve y\u00f6netmenliklerine uyarak \u00c7evre etkilerini kontrol alt\u0131na tutarak bu etkileri azaltarak \u00e7evresel performans\u0131m\u0131z\u0131 s\u00fcrekli iyile\u015ftirmek ve bu bilincin t\u00fcm \u00fcr\u00fcn \u00fcretim faaliyetini \u2018Operasyonel \u0130\u015f M\u00fckemmelli\u011fi\u2019 ile ger\u00e7ekle\u015ftirerek gelecek ku\u015faklara ya\u015fanabilir temiz bir \u00e7evre b\u0131rakmakt\u0131r. Sorumluluklar \u00c7evre Y\u00f6netim Temsilcisi sorumlulu\u011fundad\u0131r. Uygulama Mioro [&hellip;]\" \/>\n<meta property=\"og:url\" content=\"https:\/\/www.mioro.com.tr\/tr\/environmental-policy\/\" \/>\n<meta property=\"og:site_name\" content=\"Mioro\" \/>\n<meta property=\"article:modified_time\" content=\"2024-01-24T09:08:11+00:00\" \/>\n<meta name=\"twitter:card\" content=\"summary_large_image\" \/>\n<meta name=\"twitter:label1\" content=\"Tahmini okuma s\u00fcresi\" \/>\n\t<meta name=\"twitter:data1\" content=\"2 dakika\" \/>\n<script type=\"application\/ld+json\" class=\"yoast-schema-graph\">{\"@context\":\"https:\/\/schema.org\",\"@graph\":[{\"@type\":\"WebPage\",\"@id\":\"https:\/\/www.mioro.com.tr\/tr\/environmental-policy\/\",\"url\":\"https:\/\/www.mioro.com.tr\/tr\/environmental-policy\/\",\"name\":\"Environmental Policy - Mioro\",\"isPartOf\":{\"@id\":\"https:\/\/www.mioro.com.tr\/#website\"},\"datePublished\":\"2024-01-24T08:55:58+00:00\",\"dateModified\":\"2024-01-24T09:08:11+00:00\",\"breadcrumb\":{\"@id\":\"https:\/\/www.mioro.com.tr\/tr\/environmental-policy\/#breadcrumb\"},\"inLanguage\":\"tr\",\"potentialAction\":[{\"@type\":\"ReadAction\",\"target\":[\"https:\/\/www.mioro.com.tr\/tr\/environmental-policy\/\"]}]},{\"@type\":\"BreadcrumbList\",\"@id\":\"https:\/\/www.mioro.com.tr\/tr\/environmental-policy\/#breadcrumb\",\"itemListElement\":[{\"@type\":\"ListItem\",\"position\":1,\"name\":\"Anasayfa\",\"item\":\"https:\/\/www.mioro.com.tr\/\"},{\"@type\":\"ListItem\",\"position\":2,\"name\":\"Environmental Policy\"}]},{\"@type\":\"WebSite\",\"@id\":\"https:\/\/www.mioro.com.tr\/#website\",\"url\":\"https:\/\/www.mioro.com.tr\/\",\"name\":\"Mioro\",\"description\":\"Alt\u0131n Zincir \u00dcreticisi ve Alt\u0131n Tak\u0131 \u00dcreticisi Toptanc\u0131s\u0131\",\"potentialAction\":[{\"@type\":\"SearchAction\",\"target\":{\"@type\":\"EntryPoint\",\"urlTemplate\":\"https:\/\/www.mioro.com.tr\/?s={search_term_string}\"},\"query-input\":{\"@type\":\"PropertyValueSpecification\",\"valueRequired\":true,\"valueName\":\"search_term_string\"}}],\"inLanguage\":\"tr\"}]}<\/script>\n<!-- \/ Yoast SEO plugin. -->","yoast_head_json":{"title":"Environmental Policy - Mioro","robots":{"index":"index","follow":"follow","max-snippet":"max-snippet:-1","max-image-preview":"max-image-preview:large","max-video-preview":"max-video-preview:-1"},"canonical":"https:\/\/www.mioro.com.tr\/tr\/environmental-policy\/","og_locale":"tr_TR","og_type":"article","og_title":"Environmental Policy - Mioro","og_description":"\u00c7evre Politikam\u0131z Ama\u00e7 ve Kapsam \u00c7evremizi korumak ve s\u00fcreklili\u011fini sa\u011flamak i\u00e7in t\u00fcm \u00e7evre yasa ve y\u00f6netmenliklerine uyarak \u00c7evre etkilerini kontrol alt\u0131na tutarak bu etkileri azaltarak \u00e7evresel performans\u0131m\u0131z\u0131 s\u00fcrekli iyile\u015ftirmek ve bu bilincin t\u00fcm \u00fcr\u00fcn \u00fcretim faaliyetini \u2018Operasyonel \u0130\u015f M\u00fckemmelli\u011fi\u2019 ile ger\u00e7ekle\u015ftirerek gelecek ku\u015faklara ya\u015fanabilir temiz bir \u00e7evre b\u0131rakmakt\u0131r. Sorumluluklar \u00c7evre Y\u00f6netim Temsilcisi sorumlulu\u011fundad\u0131r. Uygulama Mioro [&hellip;]","og_url":"https:\/\/www.mioro.com.tr\/tr\/environmental-policy\/","og_site_name":"Mioro","article_modified_time":"2024-01-24T09:08:11+00:00","twitter_card":"summary_large_image","twitter_misc":{"Tahmini okuma s\u00fcresi":"2 dakika"},"schema":{"@context":"https:\/\/schema.org","@graph":[{"@type":"WebPage","@id":"https:\/\/www.mioro.com.tr\/tr\/environmental-policy\/","url":"https:\/\/www.mioro.com.tr\/tr\/environmental-policy\/","name":"Environmental Policy - Mioro","isPartOf":{"@id":"https:\/\/www.mioro.com.tr\/#website"},"datePublished":"2024-01-24T08:55:58+00:00","dateModified":"2024-01-24T09:08:11+00:00","breadcrumb":{"@id":"https:\/\/www.mioro.com.tr\/tr\/environmental-policy\/#breadcrumb"},"inLanguage":"tr","potentialAction":[{"@type":"ReadAction","target":["https:\/\/www.mioro.com.tr\/tr\/environmental-policy\/"]}]},{"@type":"BreadcrumbList","@id":"https:\/\/www.mioro.com.tr\/tr\/environmental-policy\/#breadcrumb","itemListElement":[{"@type":"ListItem","position":1,"name":"Anasayfa","item":"https:\/\/www.mioro.com.tr\/"},{"@type":"ListItem","position":2,"name":"Environmental Policy"}]},{"@type":"WebSite","@id":"https:\/\/www.mioro.com.tr\/#website","url":"https:\/\/www.mioro.com.tr\/","name":"Mioro","description":"Alt\u0131n Zincir \u00dcreticisi ve Alt\u0131n Tak\u0131 \u00dcreticisi Toptanc\u0131s\u0131","potentialAction":[{"@type":"SearchAction","target":{"@type":"EntryPoint","urlTemplate":"https:\/\/www.mioro.com.tr\/?s={search_term_string}"},"query-input":{"@type":"PropertyValueSpecification","valueRequired":true,"valueName":"search_term_string"}}],"inLanguage":"tr"}]}},"_links":{"self":[{"href":"https:\/\/www.mioro.com.tr\/tr\/wp-json\/wp\/v2\/pages\/4693","targetHints":{"allow":["GET"]}}],"collection":[{"href":"https:\/\/www.mioro.com.tr\/tr\/wp-json\/wp\/v2\/pages"}],"about":[{"href":"https:\/\/www.mioro.com.tr\/tr\/wp-json\/wp\/v2\/types\/page"}],"author":[{"embeddable":true,"href":"https:\/\/www.mioro.com.tr\/tr\/wp-json\/wp\/v2\/users\/1"}],"replies":[{"embeddable":true,"href":"https:\/\/www.mioro.com.tr\/tr\/wp-json\/wp\/v2\/comments?post=4693"}],"version-history":[{"count":26,"href":"https:\/\/www.mioro.com.tr\/tr\/wp-json\/wp\/v2\/pages\/4693\/revisions"}],"predecessor-version":[{"id":4722,"href":"https:\/\/www.mioro.com.tr\/tr\/wp-json\/wp\/v2\/pages\/4693\/revisions\/4722"}],"wp:attachment":[{"href":"https:\/\/www.mioro.com.tr\/tr\/wp-json\/wp\/v2\/media?parent=4693"}],"curies":[{"name":"wp","href":"https:\/\/api.w.org\/{rel}","templated":true}]}}