{"id":3449,"date":"2023-11-06T20:01:02","date_gmt":"2023-11-06T20:01:02","guid":{"rendered":"https:\/\/www.mioro.com.tr\/?page_id=3449"},"modified":"2025-07-07T09:32:02","modified_gmt":"2025-07-07T09:32:02","slug":"certificates","status":"publish","type":"page","link":"https:\/\/www.mioro.com.tr\/tr\/certificates\/","title":{"rendered":"Certificates"},"content":{"rendered":"<div data-elementor-type=\"wp-page\" data-elementor-id=\"3449\" class=\"elementor elementor-3449\">\n\t\t\t\t\t\t<section class=\"elementor-section elementor-top-section elementor-element elementor-element-88a14a6 elementor-section-full_width elementor-hidden-tablet elementor-hidden-mobile elementor-section-height-default elementor-section-height-default\" data-id=\"88a14a6\" data-element_type=\"section\">\n\t\t\t\t\t\t<div class=\"elementor-container elementor-column-gap-default\">\n\t\t\t\t\t<div class=\"elementor-column elementor-col-100 elementor-top-column elementor-element elementor-element-8dea291\" data-id=\"8dea291\" data-element_type=\"column\">\n\t\t\t<div class=\"elementor-widget-wrap elementor-element-populated\">\n\t\t\t\t\t\t<div class=\"elementor-element elementor-element-13f22f4 elementor-widget elementor-widget-image\" data-id=\"13f22f4\" data-element_type=\"widget\" data-widget_type=\"image.default\">\n\t\t\t\t<div class=\"elementor-widget-container\">\n\t\t\t\t\t\t\t\t\t\t\t\t\t\t\t<img fetchpriority=\"high\" decoding=\"async\" width=\"1920\" height=\"747\" src=\"https:\/\/www.mioro.com.tr\/wp-content\/uploads\/2023\/12\/Adsiz-tasarim-10.jpg\" class=\"attachment-full size-full wp-image-4491\" alt=\"\" srcset=\"https:\/\/www.mioro.com.tr\/wp-content\/uploads\/2023\/12\/Adsiz-tasarim-10.jpg 1920w, https:\/\/www.mioro.com.tr\/wp-content\/uploads\/2023\/12\/Adsiz-tasarim-10-300x117.jpg 300w, https:\/\/www.mioro.com.tr\/wp-content\/uploads\/2023\/12\/Adsiz-tasarim-10-1024x398.jpg 1024w, https:\/\/www.mioro.com.tr\/wp-content\/uploads\/2023\/12\/Adsiz-tasarim-10-768x299.jpg 768w, https:\/\/www.mioro.com.tr\/wp-content\/uploads\/2023\/12\/Adsiz-tasarim-10-1536x598.jpg 1536w\" sizes=\"(max-width: 1920px) 100vw, 1920px\" \/>\t\t\t\t\t\t\t\t\t\t\t\t\t\t\t<\/div>\n\t\t\t\t<\/div>\n\t\t\t\t\t<\/div>\n\t\t<\/div>\n\t\t\t\t\t<\/div>\n\t\t<\/section>\n\t\t\t\t<section class=\"elementor-section elementor-top-section elementor-element elementor-element-c8ede2e elementor-section-full_width elementor-hidden-desktop elementor-section-height-default elementor-section-height-default\" data-id=\"c8ede2e\" data-element_type=\"section\">\n\t\t\t\t\t\t<div class=\"elementor-container elementor-column-gap-default\">\n\t\t\t\t\t<div class=\"elementor-column elementor-col-100 elementor-top-column elementor-element elementor-element-5f9a153\" data-id=\"5f9a153\" data-element_type=\"column\">\n\t\t\t<div class=\"elementor-widget-wrap elementor-element-populated\">\n\t\t\t\t\t\t<div class=\"elementor-element elementor-element-e04e032 elementor-widget elementor-widget-image\" data-id=\"e04e032\" data-element_type=\"widget\" data-widget_type=\"image.default\">\n\t\t\t\t<div class=\"elementor-widget-container\">\n\t\t\t\t\t\t\t\t\t\t\t\t\t\t\t<img decoding=\"async\" width=\"1938\" height=\"1557\" src=\"https:\/\/www.mioro.com.tr\/wp-content\/uploads\/2023\/12\/Bir-alt-baslik-ekleyin-39_page-0001.jpg\" class=\"attachment-full size-full wp-image-3944\" alt=\"\" srcset=\"https:\/\/www.mioro.com.tr\/wp-content\/uploads\/2023\/12\/Bir-alt-baslik-ekleyin-39_page-0001.jpg 1938w, https:\/\/www.mioro.com.tr\/wp-content\/uploads\/2023\/12\/Bir-alt-baslik-ekleyin-39_page-0001-300x241.jpg 300w, https:\/\/www.mioro.com.tr\/wp-content\/uploads\/2023\/12\/Bir-alt-baslik-ekleyin-39_page-0001-1024x823.jpg 1024w, https:\/\/www.mioro.com.tr\/wp-content\/uploads\/2023\/12\/Bir-alt-baslik-ekleyin-39_page-0001-768x617.jpg 768w, https:\/\/www.mioro.com.tr\/wp-content\/uploads\/2023\/12\/Bir-alt-baslik-ekleyin-39_page-0001-1536x1234.jpg 1536w, https:\/\/www.mioro.com.tr\/wp-content\/uploads\/2023\/12\/Bir-alt-baslik-ekleyin-39_page-0001-600x482.jpg 600w\" sizes=\"(max-width: 1938px) 100vw, 1938px\" \/>\t\t\t\t\t\t\t\t\t\t\t\t\t\t\t<\/div>\n\t\t\t\t<\/div>\n\t\t\t\t\t<\/div>\n\t\t<\/div>\n\t\t\t\t\t<\/div>\n\t\t<\/section>\n\t\t\t\t<section class=\"elementor-section elementor-top-section elementor-element elementor-element-f520387 elementor-section-full_width elementor-section-height-default elementor-section-height-default\" data-id=\"f520387\" data-element_type=\"section\">\n\t\t\t\t\t\t<div class=\"elementor-container elementor-column-gap-default\">\n\t\t\t\t\t<div class=\"elementor-column elementor-col-25 elementor-top-column elementor-element elementor-element-e04d08e\" data-id=\"e04d08e\" data-element_type=\"column\">\n\t\t\t<div class=\"elementor-widget-wrap\">\n\t\t\t\t\t\t\t<\/div>\n\t\t<\/div>\n\t\t\t\t<div class=\"elementor-column elementor-col-50 elementor-top-column elementor-element elementor-element-65c837e\" data-id=\"65c837e\" data-element_type=\"column\">\n\t\t\t<div class=\"elementor-widget-wrap elementor-element-populated\">\n\t\t\t\t\t\t<div class=\"elementor-element elementor-element-0308fe4 elementor-widget elementor-widget-text-editor\" data-id=\"0308fe4\" data-element_type=\"widget\" data-widget_type=\"text-editor.default\">\n\t\t\t\t<div class=\"elementor-widget-container\">\n\t\t\t\t\t\t\t\t\t<p style=\"text-align: center;\">Mioro'nun\u00a0s\u00fcrekli geli\u015fime olan ba\u011fl\u0131l\u0131\u011f\u0131, firmay\u0131 global pazarlarda \u00f6nc\u00fc bir konuma ta\u015f\u0131m\u0131\u015f; d\u00fcnya \u00e7ap\u0131nda tan\u0131nan sertifikalara ve uluslararas\u0131 de\u011ferlendirmelere sahip bir \u015firket olarak sekt\u00f6rde \u00f6nc\u00fc olmas\u0131n\u0131 sa\u011flam\u0131\u015ft\u0131r.<\/p>\t\t\t\t\t\t\t\t<\/div>\n\t\t\t\t<\/div>\n\t\t\t\t\t<\/div>\n\t\t<\/div>\n\t\t\t\t<div class=\"elementor-column elementor-col-25 elementor-top-column elementor-element elementor-element-e0228d3\" data-id=\"e0228d3\" data-element_type=\"column\">\n\t\t\t<div class=\"elementor-widget-wrap\">\n\t\t\t\t\t\t\t<\/div>\n\t\t<\/div>\n\t\t\t\t\t<\/div>\n\t\t<\/section>\n\t\t\t\t<section class=\"elementor-section elementor-top-section elementor-element elementor-element-1198503 elementor-section-full_width elementor-section-height-default elementor-section-height-default\" data-id=\"1198503\" data-element_type=\"section\">\n\t\t\t\t\t\t<div class=\"elementor-container elementor-column-gap-default\">\n\t\t\t\t\t<div class=\"elementor-column elementor-col-100 elementor-top-column elementor-element elementor-element-bc112ed\" data-id=\"bc112ed\" data-element_type=\"column\">\n\t\t\t<div class=\"elementor-widget-wrap elementor-element-populated\">\n\t\t\t\t\t\t<div class=\"elementor-element elementor-element-7791979 elementor-widget elementor-widget-heading\" data-id=\"7791979\" data-element_type=\"widget\" data-widget_type=\"heading.default\">\n\t\t\t\t<div class=\"elementor-widget-container\">\n\t\t\t\t\t<h5 class=\"elementor-heading-title elementor-size-default\">SERTI\u0307FI\u0307KALAR VE \u00d6D\u00dcLLER<\/h5>\t\t\t\t<\/div>\n\t\t\t\t<\/div>\n\t\t\t\t\t<\/div>\n\t\t<\/div>\n\t\t\t\t\t<\/div>\n\t\t<\/section>\n\t\t\t\t<section class=\"elementor-section elementor-top-section elementor-element elementor-element-b41948f elementor-section-full_width elementor-section-height-default elementor-section-height-default\" data-id=\"b41948f\" data-element_type=\"section\">\n\t\t\t\t\t\t<div class=\"elementor-container elementor-column-gap-default\">\n\t\t\t\t\t<div class=\"elementor-column elementor-col-20 elementor-top-column elementor-element elementor-element-cafc334\" data-id=\"cafc334\" data-element_type=\"column\">\n\t\t\t<div class=\"elementor-widget-wrap elementor-element-populated\">\n\t\t\t\t\t\t<div class=\"elementor-element elementor-element-717ae0c elementor-widget elementor-widget-image\" data-id=\"717ae0c\" data-element_type=\"widget\" data-widget_type=\"image.default\">\n\t\t\t\t<div class=\"elementor-widget-container\">\n\t\t\t\t\t\t\t\t\t\t\t\t\t\t\t<img decoding=\"async\" width=\"843\" height=\"418\" src=\"https:\/\/www.mioro.com.tr\/wp-content\/uploads\/2025\/05\/rjc-mavi-zemin-web-1024x508.jpg\" class=\"attachment-large size-large wp-image-5730\" alt=\"\" srcset=\"https:\/\/www.mioro.com.tr\/wp-content\/uploads\/2025\/05\/rjc-mavi-zemin-web-1024x508.jpg 1024w, https:\/\/www.mioro.com.tr\/wp-content\/uploads\/2025\/05\/rjc-mavi-zemin-web-300x149.jpg 300w, https:\/\/www.mioro.com.tr\/wp-content\/uploads\/2025\/05\/rjc-mavi-zemin-web-768x381.jpg 768w, https:\/\/www.mioro.com.tr\/wp-content\/uploads\/2025\/05\/rjc-mavi-zemin-web-18x9.jpg 18w, https:\/\/www.mioro.com.tr\/wp-content\/uploads\/2025\/05\/rjc-mavi-zemin-web.jpg 1500w\" sizes=\"(max-width: 843px) 100vw, 843px\" \/>\t\t\t\t\t\t\t\t\t\t\t\t\t\t\t<\/div>\n\t\t\t\t<\/div>\n\t\t\t\t<div class=\"elementor-element elementor-element-42740b3 elementor-widget elementor-widget-heading\" data-id=\"42740b3\" data-element_type=\"widget\" data-widget_type=\"heading.default\">\n\t\t\t\t<div class=\"elementor-widget-container\">\n\t\t\t\t\t<h5 class=\"elementor-heading-title elementor-size-default\">RJC - CoP<\/h5>\t\t\t\t<\/div>\n\t\t\t\t<\/div>\n\t\t\t\t<div class=\"elementor-element elementor-element-c703c24 elementor-widget elementor-widget-heading\" data-id=\"c703c24\" data-element_type=\"widget\" data-widget_type=\"heading.default\">\n\t\t\t\t<div class=\"elementor-widget-container\">\n\t\t\t\t\t<h5 class=\"elementor-heading-title elementor-size-default\"><a href=\"https:\/\/www.mioro.com.tr\/wp-content\/uploads\/2025\/07\/2025-RJC-Certificate-COP-2019EU.pdf\" target=\"_blank\">Sertifikay\u0131 G\u00f6r<\/a><\/h5>\t\t\t\t<\/div>\n\t\t\t\t<\/div>\n\t\t\t\t\t<\/div>\n\t\t<\/div>\n\t\t\t\t<div class=\"elementor-column elementor-col-20 elementor-top-column elementor-element elementor-element-1ecec06\" data-id=\"1ecec06\" data-element_type=\"column\">\n\t\t\t<div class=\"elementor-widget-wrap elementor-element-populated\">\n\t\t\t\t\t\t<div class=\"elementor-element elementor-element-ac1aca7 elementor-widget elementor-widget-image\" data-id=\"ac1aca7\" data-element_type=\"widget\" data-widget_type=\"image.default\">\n\t\t\t\t<div class=\"elementor-widget-container\">\n\t\t\t\t\t\t\t\t\t\t\t\t\t\t\t<img loading=\"lazy\" decoding=\"async\" width=\"300\" height=\"146\" src=\"https:\/\/www.mioro.com.tr\/wp-content\/uploads\/2025\/01\/ISO-14001-300x146.jpg\" class=\"attachment-medium size-medium wp-image-5303\" alt=\"\" srcset=\"https:\/\/www.mioro.com.tr\/wp-content\/uploads\/2025\/01\/ISO-14001-300x146.jpg 300w, https:\/\/www.mioro.com.tr\/wp-content\/uploads\/2025\/01\/ISO-14001.jpg 719w\" sizes=\"(max-width: 300px) 100vw, 300px\" \/>\t\t\t\t\t\t\t\t\t\t\t\t\t\t\t<\/div>\n\t\t\t\t<\/div>\n\t\t\t\t<div class=\"elementor-element elementor-element-ab2461d elementor-widget elementor-widget-heading\" data-id=\"ab2461d\" data-element_type=\"widget\" data-widget_type=\"heading.default\">\n\t\t\t\t<div class=\"elementor-widget-container\">\n\t\t\t\t\t<h5 class=\"elementor-heading-title elementor-size-default\">ISO 14001<\/h5>\t\t\t\t<\/div>\n\t\t\t\t<\/div>\n\t\t\t\t<div class=\"elementor-element elementor-element-989b760 elementor-widget elementor-widget-heading\" data-id=\"989b760\" data-element_type=\"widget\" data-widget_type=\"heading.default\">\n\t\t\t\t<div class=\"elementor-widget-container\">\n\t\t\t\t\t<h5 class=\"elementor-heading-title elementor-size-default\"><a href=\"https:\/\/www.mioro.com.tr\/wp-content\/uploads\/2025\/07\/ISO-14001-scaled.jpg\" target=\"_blank\">Sertifikay\u0131 G\u00f6r<\/a><\/h5>\t\t\t\t<\/div>\n\t\t\t\t<\/div>\n\t\t\t\t\t<\/div>\n\t\t<\/div>\n\t\t\t\t<div class=\"elementor-column elementor-col-20 elementor-top-column elementor-element elementor-element-35e2e7f\" data-id=\"35e2e7f\" data-element_type=\"column\">\n\t\t\t<div class=\"elementor-widget-wrap elementor-element-populated\">\n\t\t\t\t\t\t<div class=\"elementor-element elementor-element-5c42ccd elementor-widget elementor-widget-image\" data-id=\"5c42ccd\" data-element_type=\"widget\" data-widget_type=\"image.default\">\n\t\t\t\t<div class=\"elementor-widget-container\">\n\t\t\t\t\t\t\t\t\t\t\t\t\t\t\t<img loading=\"lazy\" decoding=\"async\" width=\"300\" height=\"146\" src=\"https:\/\/www.mioro.com.tr\/wp-content\/uploads\/2025\/01\/ISO-27001-300x146.jpg\" class=\"attachment-medium size-medium wp-image-5304\" alt=\"\" srcset=\"https:\/\/www.mioro.com.tr\/wp-content\/uploads\/2025\/01\/ISO-27001-300x146.jpg 300w, https:\/\/www.mioro.com.tr\/wp-content\/uploads\/2025\/01\/ISO-27001.jpg 719w\" sizes=\"(max-width: 300px) 100vw, 300px\" \/>\t\t\t\t\t\t\t\t\t\t\t\t\t\t\t<\/div>\n\t\t\t\t<\/div>\n\t\t\t\t<div class=\"elementor-element elementor-element-8b87217 elementor-widget elementor-widget-heading\" data-id=\"8b87217\" data-element_type=\"widget\" data-widget_type=\"heading.default\">\n\t\t\t\t<div class=\"elementor-widget-container\">\n\t\t\t\t\t<h5 class=\"elementor-heading-title elementor-size-default\">ISO 27001<\/h5>\t\t\t\t<\/div>\n\t\t\t\t<\/div>\n\t\t\t\t<div class=\"elementor-element elementor-element-5a240e7 elementor-widget elementor-widget-heading\" data-id=\"5a240e7\" data-element_type=\"widget\" data-widget_type=\"heading.default\">\n\t\t\t\t<div class=\"elementor-widget-container\">\n\t\t\t\t\t<h5 class=\"elementor-heading-title elementor-size-default\"><a href=\"https:\/\/www.mioro.com.tr\/wp-content\/uploads\/2025\/07\/ISO-27001-scaled.jpg\" target=\"_blank\">Sertifikay\u0131 G\u00f6r<\/a><\/h5>\t\t\t\t<\/div>\n\t\t\t\t<\/div>\n\t\t\t\t\t<\/div>\n\t\t<\/div>\n\t\t\t\t<div class=\"elementor-column elementor-col-20 elementor-top-column elementor-element elementor-element-09b94f5\" data-id=\"09b94f5\" data-element_type=\"column\">\n\t\t\t<div class=\"elementor-widget-wrap elementor-element-populated\">\n\t\t\t\t\t\t<div class=\"elementor-element elementor-element-e925b11 elementor-widget elementor-widget-image\" data-id=\"e925b11\" data-element_type=\"widget\" data-widget_type=\"image.default\">\n\t\t\t\t<div class=\"elementor-widget-container\">\n\t\t\t\t\t\t\t\t\t\t\t\t\t\t\t<img loading=\"lazy\" decoding=\"async\" width=\"300\" height=\"146\" src=\"https:\/\/www.mioro.com.tr\/wp-content\/uploads\/2025\/01\/ISO-45001-300x146.jpg\" class=\"attachment-medium size-medium wp-image-5305\" alt=\"\" srcset=\"https:\/\/www.mioro.com.tr\/wp-content\/uploads\/2025\/01\/ISO-45001-300x146.jpg 300w, https:\/\/www.mioro.com.tr\/wp-content\/uploads\/2025\/01\/ISO-45001.jpg 719w\" sizes=\"(max-width: 300px) 100vw, 300px\" \/>\t\t\t\t\t\t\t\t\t\t\t\t\t\t\t<\/div>\n\t\t\t\t<\/div>\n\t\t\t\t<div class=\"elementor-element elementor-element-89fc902 elementor-widget elementor-widget-heading\" data-id=\"89fc902\" data-element_type=\"widget\" data-widget_type=\"heading.default\">\n\t\t\t\t<div class=\"elementor-widget-container\">\n\t\t\t\t\t<h5 class=\"elementor-heading-title elementor-size-default\">ISO 45001<\/h5>\t\t\t\t<\/div>\n\t\t\t\t<\/div>\n\t\t\t\t<div class=\"elementor-element elementor-element-9009675 elementor-widget elementor-widget-heading\" data-id=\"9009675\" data-element_type=\"widget\" data-widget_type=\"heading.default\">\n\t\t\t\t<div class=\"elementor-widget-container\">\n\t\t\t\t\t<h5 class=\"elementor-heading-title elementor-size-default\"><a href=\"https:\/\/www.mioro.com.tr\/wp-content\/uploads\/2025\/07\/ISO-45001-scaled.jpg\" target=\"_blank\">Sertifikay\u0131 G\u00f6r<\/a><\/h5>\t\t\t\t<\/div>\n\t\t\t\t<\/div>\n\t\t\t\t\t<\/div>\n\t\t<\/div>\n\t\t\t\t<div class=\"elementor-column elementor-col-20 elementor-top-column elementor-element elementor-element-ab81fe1\" data-id=\"ab81fe1\" data-element_type=\"column\">\n\t\t\t<div class=\"elementor-widget-wrap elementor-element-populated\">\n\t\t\t\t\t\t<div class=\"elementor-element elementor-element-7855335 elementor-widget elementor-widget-image\" data-id=\"7855335\" data-element_type=\"widget\" data-widget_type=\"image.default\">\n\t\t\t\t<div class=\"elementor-widget-container\">\n\t\t\t\t\t\t\t\t\t\t\t\t\t\t\t<img loading=\"lazy\" decoding=\"async\" width=\"300\" height=\"146\" src=\"https:\/\/www.mioro.com.tr\/wp-content\/uploads\/2025\/01\/ISO-9001-300x146.jpg\" class=\"attachment-medium size-medium wp-image-5306\" alt=\"\" srcset=\"https:\/\/www.mioro.com.tr\/wp-content\/uploads\/2025\/01\/ISO-9001-300x146.jpg 300w, https:\/\/www.mioro.com.tr\/wp-content\/uploads\/2025\/01\/ISO-9001.jpg 719w\" sizes=\"(max-width: 300px) 100vw, 300px\" \/>\t\t\t\t\t\t\t\t\t\t\t\t\t\t\t<\/div>\n\t\t\t\t<\/div>\n\t\t\t\t<div class=\"elementor-element elementor-element-2d34c35 elementor-widget elementor-widget-heading\" data-id=\"2d34c35\" data-element_type=\"widget\" data-widget_type=\"heading.default\">\n\t\t\t\t<div class=\"elementor-widget-container\">\n\t\t\t\t\t<h5 class=\"elementor-heading-title elementor-size-default\"><a href=\"https:\/\/www.mioro.com.tr\/wp-content\/uploads\/2025\/07\/ISO-9001-scaled.jpg\">ISO 9001<\/a><\/h5>\t\t\t\t<\/div>\n\t\t\t\t<\/div>\n\t\t\t\t<div class=\"elementor-element elementor-element-1ab15d2 elementor-widget elementor-widget-heading\" data-id=\"1ab15d2\" data-element_type=\"widget\" data-widget_type=\"heading.default\">\n\t\t\t\t<div class=\"elementor-widget-container\">\n\t\t\t\t\t<h5 class=\"elementor-heading-title elementor-size-default\"><a href=\"https:\/\/www.mioro.com.tr\/wp-content\/uploads\/2025\/07\/ISO-9001-scaled.jpg\" target=\"_blank\">Sertifikay\u0131 G\u00f6r<\/a><\/h5>\t\t\t\t<\/div>\n\t\t\t\t<\/div>\n\t\t\t\t\t<\/div>\n\t\t<\/div>\n\t\t\t\t\t<\/div>\n\t\t<\/section>\n\t\t\t\t<section class=\"elementor-section elementor-top-section elementor-element elementor-element-4d389d1 elementor-section-boxed elementor-section-height-default elementor-section-height-default\" data-id=\"4d389d1\" data-element_type=\"section\">\n\t\t\t\t\t\t<div class=\"elementor-container elementor-column-gap-default\">\n\t\t\t\t\t<div class=\"elementor-column elementor-col-100 elementor-top-column elementor-element elementor-element-6cdc56a\" data-id=\"6cdc56a\" data-element_type=\"column\">\n\t\t\t<div class=\"elementor-widget-wrap elementor-element-populated\">\n\t\t\t\t\t\t<div class=\"elementor-element elementor-element-1659cf3 elementor-widget elementor-widget-spacer\" data-id=\"1659cf3\" data-element_type=\"widget\" data-widget_type=\"spacer.default\">\n\t\t\t\t<div class=\"elementor-widget-container\">\n\t\t\t\t\t\t\t<div class=\"elementor-spacer\">\n\t\t\t<div class=\"elementor-spacer-inner\"><\/div>\n\t\t<\/div>\n\t\t\t\t\t\t<\/div>\n\t\t\t\t<\/div>\n\t\t\t\t\t<\/div>\n\t\t<\/div>\n\t\t\t\t\t<\/div>\n\t\t<\/section>\n\t\t\t\t<\/div>","protected":false},"excerpt":{"rendered":"<p>Mioro takes pride in upholding globally recognized certifications and international evaluations, underscoring our commitment to responsible gold jewelry production. CERTIFICATIONS AND AWARDS RJC &#8211; CoP See Certificate ISO 14001 See Certificate ISO 27001 See Certificate ISO 45001 See Certificate ISO 9001 See Certificate<\/p>","protected":false},"author":1,"featured_media":0,"parent":0,"menu_order":0,"comment_status":"closed","ping_status":"closed","template":"","meta":{"inline_featured_image":false,"footnotes":""},"class_list":["post-3449","page","type-page","status-publish","hentry"],"yoast_head":"<!-- This site is optimized with the Yoast SEO plugin v25.6 - https:\/\/yoast.com\/wordpress\/plugins\/seo\/ -->\n<title>Certificates - Mioro<\/title>\n<meta name=\"robots\" content=\"index, follow, max-snippet:-1, max-image-preview:large, max-video-preview:-1\" \/>\n<link rel=\"canonical\" href=\"https:\/\/www.mioro.com.tr\/tr\/certificates\/\" \/>\n<meta property=\"og:locale\" content=\"tr_TR\" \/>\n<meta property=\"og:type\" content=\"article\" \/>\n<meta property=\"og:title\" content=\"Certificates - Mioro\" \/>\n<meta property=\"og:description\" content=\"Mioro takes pride in upholding globally recognized certifications and international evaluations, underscoring our commitment to responsible gold jewelry production. CERTIFICATIONS AND AWARDS RJC &#8211; CoP See Certificate ISO 14001 See Certificate ISO 27001 See Certificate ISO 45001 See Certificate ISO 9001 See Certificate\" \/>\n<meta property=\"og:url\" content=\"https:\/\/www.mioro.com.tr\/tr\/certificates\/\" \/>\n<meta property=\"og:site_name\" content=\"Mioro\" \/>\n<meta property=\"article:modified_time\" content=\"2025-07-07T09:32:02+00:00\" \/>\n<meta property=\"og:image\" content=\"https:\/\/www.mioro.com.tr\/wp-content\/uploads\/2023\/12\/Adsiz-tasarim-10.jpg\" \/>\n<meta name=\"twitter:card\" content=\"summary_large_image\" \/>\n<script type=\"application\/ld+json\" class=\"yoast-schema-graph\">{\"@context\":\"https:\/\/schema.org\",\"@graph\":[{\"@type\":\"WebPage\",\"@id\":\"https:\/\/www.mioro.com.tr\/certificates\/\",\"url\":\"https:\/\/www.mioro.com.tr\/certificates\/\",\"name\":\"Certificates - Mioro\",\"isPartOf\":{\"@id\":\"https:\/\/www.mioro.com.tr\/#website\"},\"primaryImageOfPage\":{\"@id\":\"https:\/\/www.mioro.com.tr\/certificates\/#primaryimage\"},\"image\":{\"@id\":\"https:\/\/www.mioro.com.tr\/certificates\/#primaryimage\"},\"thumbnailUrl\":\"https:\/\/www.mioro.com.tr\/wp-content\/uploads\/2023\/12\/Adsiz-tasarim-10.jpg\",\"datePublished\":\"2023-11-06T20:01:02+00:00\",\"dateModified\":\"2025-07-07T09:32:02+00:00\",\"breadcrumb\":{\"@id\":\"https:\/\/www.mioro.com.tr\/certificates\/#breadcrumb\"},\"inLanguage\":\"tr\",\"potentialAction\":[{\"@type\":\"ReadAction\",\"target\":[\"https:\/\/www.mioro.com.tr\/certificates\/\"]}]},{\"@type\":\"ImageObject\",\"inLanguage\":\"tr\",\"@id\":\"https:\/\/www.mioro.com.tr\/certificates\/#primaryimage\",\"url\":\"https:\/\/www.mioro.com.tr\/wp-content\/uploads\/2023\/12\/Adsiz-tasarim-10.jpg\",\"contentUrl\":\"https:\/\/www.mioro.com.tr\/wp-content\/uploads\/2023\/12\/Adsiz-tasarim-10.jpg\"},{\"@type\":\"BreadcrumbList\",\"@id\":\"https:\/\/www.mioro.com.tr\/certificates\/#breadcrumb\",\"itemListElement\":[{\"@type\":\"ListItem\",\"position\":1,\"name\":\"Anasayfa\",\"item\":\"https:\/\/www.mioro.com.tr\/\"},{\"@type\":\"ListItem\",\"position\":2,\"name\":\"Certificates\"}]},{\"@type\":\"WebSite\",\"@id\":\"https:\/\/www.mioro.com.tr\/#website\",\"url\":\"https:\/\/www.mioro.com.tr\/\",\"name\":\"Mioro\",\"description\":\"Alt\u0131n Zincir \u00dcreticisi ve Alt\u0131n Tak\u0131 \u00dcreticisi Toptanc\u0131s\u0131\",\"potentialAction\":[{\"@type\":\"SearchAction\",\"target\":{\"@type\":\"EntryPoint\",\"urlTemplate\":\"https:\/\/www.mioro.com.tr\/?s={search_term_string}\"},\"query-input\":{\"@type\":\"PropertyValueSpecification\",\"valueRequired\":true,\"valueName\":\"search_term_string\"}}],\"inLanguage\":\"tr\"}]}<\/script>\n<!-- \/ Yoast SEO plugin. -->","yoast_head_json":{"title":"Certificates - Mioro","robots":{"index":"index","follow":"follow","max-snippet":"max-snippet:-1","max-image-preview":"max-image-preview:large","max-video-preview":"max-video-preview:-1"},"canonical":"https:\/\/www.mioro.com.tr\/tr\/certificates\/","og_locale":"tr_TR","og_type":"article","og_title":"Certificates - Mioro","og_description":"Mioro takes pride in upholding globally recognized certifications and international evaluations, underscoring our commitment to responsible gold jewelry production. CERTIFICATIONS AND AWARDS RJC &#8211; CoP See Certificate ISO 14001 See Certificate ISO 27001 See Certificate ISO 45001 See Certificate ISO 9001 See Certificate","og_url":"https:\/\/www.mioro.com.tr\/tr\/certificates\/","og_site_name":"Mioro","article_modified_time":"2025-07-07T09:32:02+00:00","og_image":[{"url":"https:\/\/www.mioro.com.tr\/wp-content\/uploads\/2023\/12\/Adsiz-tasarim-10.jpg","type":"","width":"","height":""}],"twitter_card":"summary_large_image","schema":{"@context":"https:\/\/schema.org","@graph":[{"@type":"WebPage","@id":"https:\/\/www.mioro.com.tr\/certificates\/","url":"https:\/\/www.mioro.com.tr\/certificates\/","name":"Certificates - Mioro","isPartOf":{"@id":"https:\/\/www.mioro.com.tr\/#website"},"primaryImageOfPage":{"@id":"https:\/\/www.mioro.com.tr\/certificates\/#primaryimage"},"image":{"@id":"https:\/\/www.mioro.com.tr\/certificates\/#primaryimage"},"thumbnailUrl":"https:\/\/www.mioro.com.tr\/wp-content\/uploads\/2023\/12\/Adsiz-tasarim-10.jpg","datePublished":"2023-11-06T20:01:02+00:00","dateModified":"2025-07-07T09:32:02+00:00","breadcrumb":{"@id":"https:\/\/www.mioro.com.tr\/certificates\/#breadcrumb"},"inLanguage":"tr","potentialAction":[{"@type":"ReadAction","target":["https:\/\/www.mioro.com.tr\/certificates\/"]}]},{"@type":"ImageObject","inLanguage":"tr","@id":"https:\/\/www.mioro.com.tr\/certificates\/#primaryimage","url":"https:\/\/www.mioro.com.tr\/wp-content\/uploads\/2023\/12\/Adsiz-tasarim-10.jpg","contentUrl":"https:\/\/www.mioro.com.tr\/wp-content\/uploads\/2023\/12\/Adsiz-tasarim-10.jpg"},{"@type":"BreadcrumbList","@id":"https:\/\/www.mioro.com.tr\/certificates\/#breadcrumb","itemListElement":[{"@type":"ListItem","position":1,"name":"Anasayfa","item":"https:\/\/www.mioro.com.tr\/"},{"@type":"ListItem","position":2,"name":"Certificates"}]},{"@type":"WebSite","@id":"https:\/\/www.mioro.com.tr\/#website","url":"https:\/\/www.mioro.com.tr\/","name":"Mioro","description":"Alt\u0131n Zincir \u00dcreticisi ve Alt\u0131n Tak\u0131 \u00dcreticisi Toptanc\u0131s\u0131","potentialAction":[{"@type":"SearchAction","target":{"@type":"EntryPoint","urlTemplate":"https:\/\/www.mioro.com.tr\/?s={search_term_string}"},"query-input":{"@type":"PropertyValueSpecification","valueRequired":true,"valueName":"search_term_string"}}],"inLanguage":"tr"}]}},"_links":{"self":[{"href":"https:\/\/www.mioro.com.tr\/tr\/wp-json\/wp\/v2\/pages\/3449","targetHints":{"allow":["GET"]}}],"collection":[{"href":"https:\/\/www.mioro.com.tr\/tr\/wp-json\/wp\/v2\/pages"}],"about":[{"href":"https:\/\/www.mioro.com.tr\/tr\/wp-json\/wp\/v2\/types\/page"}],"author":[{"embeddable":true,"href":"https:\/\/www.mioro.com.tr\/tr\/wp-json\/wp\/v2\/users\/1"}],"replies":[{"embeddable":true,"href":"https:\/\/www.mioro.com.tr\/tr\/wp-json\/wp\/v2\/comments?post=3449"}],"version-history":[{"count":136,"href":"https:\/\/www.mioro.com.tr\/tr\/wp-json\/wp\/v2\/pages\/3449\/revisions"}],"predecessor-version":[{"id":5800,"href":"https:\/\/www.mioro.com.tr\/tr\/wp-json\/wp\/v2\/pages\/3449\/revisions\/5800"}],"wp:attachment":[{"href":"https:\/\/www.mioro.com.tr\/tr\/wp-json\/wp\/v2\/media?parent=3449"}],"curies":[{"name":"wp","href":"https:\/\/api.w.org\/{rel}","templated":true}]}}