{"id":2926,"date":"2023-10-03T09:47:39","date_gmt":"2023-10-03T09:47:39","guid":{"rendered":"https:\/\/www.mioro.com.tr\/?page_id=2926"},"modified":"2023-11-06T20:43:12","modified_gmt":"2023-11-06T20:43:12","slug":"electroform","status":"publish","type":"page","link":"https:\/\/www.mioro.com.tr\/tr\/electroform\/","title":{"rendered":"Electroform"},"content":{"rendered":"<div data-elementor-type=\"wp-page\" data-elementor-id=\"2926\" class=\"elementor elementor-2926\">\n\t\t\t\t\t\t<section class=\"elementor-section elementor-top-section elementor-element elementor-element-862aed3 elementor-section-boxed elementor-section-height-default elementor-section-height-default\" data-id=\"862aed3\" data-element_type=\"section\">\n\t\t\t\t\t\t<div class=\"elementor-container elementor-column-gap-default\">\n\t\t\t\t\t<div class=\"elementor-column elementor-col-100 elementor-top-column elementor-element elementor-element-4d1d0f2\" data-id=\"4d1d0f2\" data-element_type=\"column\">\n\t\t\t<div class=\"elementor-widget-wrap\">\n\t\t\t\t\t\t\t<\/div>\n\t\t<\/div>\n\t\t\t\t\t<\/div>\n\t\t<\/section>\n\t\t\t\t<section class=\"elementor-section elementor-top-section elementor-element elementor-element-4ff3466 elementor-section-full_width elementor-section-height-default elementor-section-height-default\" data-id=\"4ff3466\" data-element_type=\"section\">\n\t\t\t\t\t\t<div class=\"elementor-container elementor-column-gap-default\">\n\t\t\t\t\t<div class=\"elementor-column elementor-col-100 elementor-top-column elementor-element elementor-element-c69ee57\" data-id=\"c69ee57\" data-element_type=\"column\">\n\t\t\t<div class=\"elementor-widget-wrap elementor-element-populated\">\n\t\t\t\t\t\t<div class=\"elementor-element elementor-element-62649b1 elementor-widget elementor-widget-image\" data-id=\"62649b1\" data-element_type=\"widget\" data-widget_type=\"image.default\">\n\t\t\t\t<div class=\"elementor-widget-container\">\n\t\t\t\t\t\t\t\t\t\t\t\t\t\t\t<img fetchpriority=\"high\" decoding=\"async\" width=\"2560\" height=\"1346\" src=\"https:\/\/www.mioro.com.tr\/wp-content\/uploads\/2023\/10\/electro_page-0001-scaled.jpg\" class=\"attachment-full size-full wp-image-2928\" alt=\"\" srcset=\"https:\/\/www.mioro.com.tr\/wp-content\/uploads\/2023\/10\/electro_page-0001-scaled.jpg 2560w, https:\/\/www.mioro.com.tr\/wp-content\/uploads\/2023\/10\/electro_page-0001-300x158.jpg 300w, https:\/\/www.mioro.com.tr\/wp-content\/uploads\/2023\/10\/electro_page-0001-1024x538.jpg 1024w, https:\/\/www.mioro.com.tr\/wp-content\/uploads\/2023\/10\/electro_page-0001-768x404.jpg 768w, https:\/\/www.mioro.com.tr\/wp-content\/uploads\/2023\/10\/electro_page-0001-1536x807.jpg 1536w, https:\/\/www.mioro.com.tr\/wp-content\/uploads\/2023\/10\/electro_page-0001-2048x1077.jpg 2048w, https:\/\/www.mioro.com.tr\/wp-content\/uploads\/2023\/10\/electro_page-0001-600x315.jpg 600w\" sizes=\"(max-width: 2560px) 100vw, 2560px\" \/>\t\t\t\t\t\t\t\t\t\t\t\t\t\t\t<\/div>\n\t\t\t\t<\/div>\n\t\t\t\t\t<\/div>\n\t\t<\/div>\n\t\t\t\t\t<\/div>\n\t\t<\/section>\n\t\t\t\t<section class=\"elementor-section elementor-top-section elementor-element elementor-element-7a713dc elementor-section-full_width elementor-section-height-default elementor-section-height-default\" data-id=\"7a713dc\" data-element_type=\"section\">\n\t\t\t\t\t\t<div class=\"elementor-container elementor-column-gap-default\">\n\t\t\t\t\t<div class=\"elementor-column elementor-col-100 elementor-top-column elementor-element elementor-element-c293e2e\" data-id=\"c293e2e\" data-element_type=\"column\">\n\t\t\t<div class=\"elementor-widget-wrap elementor-element-populated\">\n\t\t\t\t\t\t<div class=\"elementor-element elementor-element-631f1ca elementor-widget elementor-widget-image\" data-id=\"631f1ca\" data-element_type=\"widget\" data-widget_type=\"image.default\">\n\t\t\t\t<div class=\"elementor-widget-container\">\n\t\t\t\t\t\t\t\t\t\t\t\t\t\t\t<img decoding=\"async\" width=\"2560\" height=\"1168\" src=\"https:\/\/www.mioro.com.tr\/wp-content\/uploads\/2023\/10\/electro_page-0002-scaled.jpg\" class=\"attachment-full size-full wp-image-2929\" alt=\"\" srcset=\"https:\/\/www.mioro.com.tr\/wp-content\/uploads\/2023\/10\/electro_page-0002-scaled.jpg 2560w, https:\/\/www.mioro.com.tr\/wp-content\/uploads\/2023\/10\/electro_page-0002-300x137.jpg 300w, https:\/\/www.mioro.com.tr\/wp-content\/uploads\/2023\/10\/electro_page-0002-1024x467.jpg 1024w, https:\/\/www.mioro.com.tr\/wp-content\/uploads\/2023\/10\/electro_page-0002-768x351.jpg 768w, https:\/\/www.mioro.com.tr\/wp-content\/uploads\/2023\/10\/electro_page-0002-1536x701.jpg 1536w, https:\/\/www.mioro.com.tr\/wp-content\/uploads\/2023\/10\/electro_page-0002-2048x935.jpg 2048w, https:\/\/www.mioro.com.tr\/wp-content\/uploads\/2023\/10\/electro_page-0002-600x274.jpg 600w\" sizes=\"(max-width: 2560px) 100vw, 2560px\" \/>\t\t\t\t\t\t\t\t\t\t\t\t\t\t\t<\/div>\n\t\t\t\t<\/div>\n\t\t\t\t\t<\/div>\n\t\t<\/div>\n\t\t\t\t\t<\/div>\n\t\t<\/section>\n\t\t\t\t<section class=\"elementor-section elementor-top-section elementor-element elementor-element-028d4a5 elementor-section-full_width elementor-section-height-default elementor-section-height-default\" data-id=\"028d4a5\" data-element_type=\"section\">\n\t\t\t\t\t\t<div class=\"elementor-container elementor-column-gap-default\">\n\t\t\t\t\t<div class=\"elementor-column elementor-col-100 elementor-top-column elementor-element elementor-element-04a0e27\" data-id=\"04a0e27\" data-element_type=\"column\">\n\t\t\t<div class=\"elementor-widget-wrap elementor-element-populated\">\n\t\t\t\t\t\t<div class=\"elementor-element elementor-element-b1f3ff8 elementor-widget elementor-widget-image\" data-id=\"b1f3ff8\" data-element_type=\"widget\" data-widget_type=\"image.default\">\n\t\t\t\t<div class=\"elementor-widget-container\">\n\t\t\t\t\t\t\t\t\t\t\t\t\t\t\t<img decoding=\"async\" width=\"2560\" height=\"1440\" src=\"https:\/\/www.mioro.com.tr\/wp-content\/uploads\/2023\/10\/electro_page-0003-scaled.jpg\" class=\"attachment-full size-full wp-image-2930\" alt=\"\" srcset=\"https:\/\/www.mioro.com.tr\/wp-content\/uploads\/2023\/10\/electro_page-0003-scaled.jpg 2560w, https:\/\/www.mioro.com.tr\/wp-content\/uploads\/2023\/10\/electro_page-0003-300x169.jpg 300w, https:\/\/www.mioro.com.tr\/wp-content\/uploads\/2023\/10\/electro_page-0003-1024x576.jpg 1024w, https:\/\/www.mioro.com.tr\/wp-content\/uploads\/2023\/10\/electro_page-0003-768x432.jpg 768w, https:\/\/www.mioro.com.tr\/wp-content\/uploads\/2023\/10\/electro_page-0003-1536x864.jpg 1536w, https:\/\/www.mioro.com.tr\/wp-content\/uploads\/2023\/10\/electro_page-0003-2048x1152.jpg 2048w, https:\/\/www.mioro.com.tr\/wp-content\/uploads\/2023\/10\/electro_page-0003-600x338.jpg 600w\" sizes=\"(max-width: 2560px) 100vw, 2560px\" \/>\t\t\t\t\t\t\t\t\t\t\t\t\t\t\t<\/div>\n\t\t\t\t<\/div>\n\t\t\t\t\t<\/div>\n\t\t<\/div>\n\t\t\t\t\t<\/div>\n\t\t<\/section>\n\t\t\t\t<\/div>","protected":false},"excerpt":{"rendered":"","protected":false},"author":1,"featured_media":0,"parent":0,"menu_order":0,"comment_status":"closed","ping_status":"closed","template":"","meta":{"inline_featured_image":false,"footnotes":""},"class_list":["post-2926","page","type-page","status-publish","hentry"],"yoast_head":"<!-- This site is optimized with the Yoast SEO plugin v25.6 - https:\/\/yoast.com\/wordpress\/plugins\/seo\/ -->\n<title>Electroform - Mioro<\/title>\n<meta name=\"robots\" content=\"index, follow, max-snippet:-1, max-image-preview:large, max-video-preview:-1\" \/>\n<link rel=\"canonical\" href=\"http:\/\/www.mioro.com.tr\/tr\/electroform\/\" \/>\n<meta property=\"og:locale\" content=\"tr_TR\" \/>\n<meta property=\"og:type\" content=\"article\" \/>\n<meta property=\"og:title\" content=\"Electroform - Mioro\" \/>\n<meta property=\"og:url\" content=\"http:\/\/www.mioro.com.tr\/tr\/electroform\/\" \/>\n<meta property=\"og:site_name\" content=\"Mioro\" \/>\n<meta property=\"article:modified_time\" content=\"2023-11-06T20:43:12+00:00\" \/>\n<meta property=\"og:image\" content=\"https:\/\/www.mioro.com.tr\/wp-content\/uploads\/2023\/10\/electro_page-0001-scaled.jpg\" \/>\n<meta name=\"twitter:card\" content=\"summary_large_image\" \/>\n<script type=\"application\/ld+json\" class=\"yoast-schema-graph\">{\"@context\":\"https:\/\/schema.org\",\"@graph\":[{\"@type\":\"WebPage\",\"@id\":\"http:\/\/www.mioro.com.tr\/tr\/electroform\/\",\"url\":\"http:\/\/www.mioro.com.tr\/tr\/electroform\/\",\"name\":\"Electroform - Mioro\",\"isPartOf\":{\"@id\":\"https:\/\/www.mioro.com.tr\/#website\"},\"primaryImageOfPage\":{\"@id\":\"http:\/\/www.mioro.com.tr\/tr\/electroform\/#primaryimage\"},\"image\":{\"@id\":\"http:\/\/www.mioro.com.tr\/tr\/electroform\/#primaryimage\"},\"thumbnailUrl\":\"https:\/\/www.mioro.com.tr\/wp-content\/uploads\/2023\/10\/electro_page-0001-scaled.jpg\",\"datePublished\":\"2023-10-03T09:47:39+00:00\",\"dateModified\":\"2023-11-06T20:43:12+00:00\",\"breadcrumb\":{\"@id\":\"http:\/\/www.mioro.com.tr\/tr\/electroform\/#breadcrumb\"},\"inLanguage\":\"tr\",\"potentialAction\":[{\"@type\":\"ReadAction\",\"target\":[\"http:\/\/www.mioro.com.tr\/tr\/electroform\/\"]}]},{\"@type\":\"ImageObject\",\"inLanguage\":\"tr\",\"@id\":\"http:\/\/www.mioro.com.tr\/tr\/electroform\/#primaryimage\",\"url\":\"https:\/\/www.mioro.com.tr\/wp-content\/uploads\/2023\/10\/electro_page-0001-scaled.jpg\",\"contentUrl\":\"https:\/\/www.mioro.com.tr\/wp-content\/uploads\/2023\/10\/electro_page-0001-scaled.jpg\"},{\"@type\":\"BreadcrumbList\",\"@id\":\"http:\/\/www.mioro.com.tr\/tr\/electroform\/#breadcrumb\",\"itemListElement\":[{\"@type\":\"ListItem\",\"position\":1,\"name\":\"Anasayfa\",\"item\":\"https:\/\/www.mioro.com.tr\/\"},{\"@type\":\"ListItem\",\"position\":2,\"name\":\"Electroform\"}]},{\"@type\":\"WebSite\",\"@id\":\"https:\/\/www.mioro.com.tr\/#website\",\"url\":\"https:\/\/www.mioro.com.tr\/\",\"name\":\"Mioro\",\"description\":\"Alt\u0131n Zincir \u00dcreticisi ve Alt\u0131n Tak\u0131 \u00dcreticisi Toptanc\u0131s\u0131\",\"potentialAction\":[{\"@type\":\"SearchAction\",\"target\":{\"@type\":\"EntryPoint\",\"urlTemplate\":\"https:\/\/www.mioro.com.tr\/?s={search_term_string}\"},\"query-input\":{\"@type\":\"PropertyValueSpecification\",\"valueRequired\":true,\"valueName\":\"search_term_string\"}}],\"inLanguage\":\"tr\"}]}<\/script>\n<!-- \/ Yoast SEO plugin. -->","yoast_head_json":{"title":"Electroform - Mioro","robots":{"index":"index","follow":"follow","max-snippet":"max-snippet:-1","max-image-preview":"max-image-preview:large","max-video-preview":"max-video-preview:-1"},"canonical":"http:\/\/www.mioro.com.tr\/tr\/electroform\/","og_locale":"tr_TR","og_type":"article","og_title":"Electroform - Mioro","og_url":"http:\/\/www.mioro.com.tr\/tr\/electroform\/","og_site_name":"Mioro","article_modified_time":"2023-11-06T20:43:12+00:00","og_image":[{"url":"https:\/\/www.mioro.com.tr\/wp-content\/uploads\/2023\/10\/electro_page-0001-scaled.jpg","type":"","width":"","height":""}],"twitter_card":"summary_large_image","schema":{"@context":"https:\/\/schema.org","@graph":[{"@type":"WebPage","@id":"http:\/\/www.mioro.com.tr\/tr\/electroform\/","url":"http:\/\/www.mioro.com.tr\/tr\/electroform\/","name":"Electroform - Mioro","isPartOf":{"@id":"https:\/\/www.mioro.com.tr\/#website"},"primaryImageOfPage":{"@id":"http:\/\/www.mioro.com.tr\/tr\/electroform\/#primaryimage"},"image":{"@id":"http:\/\/www.mioro.com.tr\/tr\/electroform\/#primaryimage"},"thumbnailUrl":"https:\/\/www.mioro.com.tr\/wp-content\/uploads\/2023\/10\/electro_page-0001-scaled.jpg","datePublished":"2023-10-03T09:47:39+00:00","dateModified":"2023-11-06T20:43:12+00:00","breadcrumb":{"@id":"http:\/\/www.mioro.com.tr\/tr\/electroform\/#breadcrumb"},"inLanguage":"tr","potentialAction":[{"@type":"ReadAction","target":["http:\/\/www.mioro.com.tr\/tr\/electroform\/"]}]},{"@type":"ImageObject","inLanguage":"tr","@id":"http:\/\/www.mioro.com.tr\/tr\/electroform\/#primaryimage","url":"https:\/\/www.mioro.com.tr\/wp-content\/uploads\/2023\/10\/electro_page-0001-scaled.jpg","contentUrl":"https:\/\/www.mioro.com.tr\/wp-content\/uploads\/2023\/10\/electro_page-0001-scaled.jpg"},{"@type":"BreadcrumbList","@id":"http:\/\/www.mioro.com.tr\/tr\/electroform\/#breadcrumb","itemListElement":[{"@type":"ListItem","position":1,"name":"Anasayfa","item":"https:\/\/www.mioro.com.tr\/"},{"@type":"ListItem","position":2,"name":"Electroform"}]},{"@type":"WebSite","@id":"https:\/\/www.mioro.com.tr\/#website","url":"https:\/\/www.mioro.com.tr\/","name":"Mioro","description":"Alt\u0131n Zincir \u00dcreticisi ve Alt\u0131n Tak\u0131 \u00dcreticisi Toptanc\u0131s\u0131","potentialAction":[{"@type":"SearchAction","target":{"@type":"EntryPoint","urlTemplate":"https:\/\/www.mioro.com.tr\/?s={search_term_string}"},"query-input":{"@type":"PropertyValueSpecification","valueRequired":true,"valueName":"search_term_string"}}],"inLanguage":"tr"}]}},"_links":{"self":[{"href":"https:\/\/www.mioro.com.tr\/tr\/wp-json\/wp\/v2\/pages\/2926","targetHints":{"allow":["GET"]}}],"collection":[{"href":"https:\/\/www.mioro.com.tr\/tr\/wp-json\/wp\/v2\/pages"}],"about":[{"href":"https:\/\/www.mioro.com.tr\/tr\/wp-json\/wp\/v2\/types\/page"}],"author":[{"embeddable":true,"href":"https:\/\/www.mioro.com.tr\/tr\/wp-json\/wp\/v2\/users\/1"}],"replies":[{"embeddable":true,"href":"https:\/\/www.mioro.com.tr\/tr\/wp-json\/wp\/v2\/comments?post=2926"}],"version-history":[{"count":11,"href":"https:\/\/www.mioro.com.tr\/tr\/wp-json\/wp\/v2\/pages\/2926\/revisions"}],"predecessor-version":[{"id":3482,"href":"https:\/\/www.mioro.com.tr\/tr\/wp-json\/wp\/v2\/pages\/2926\/revisions\/3482"}],"wp:attachment":[{"href":"https:\/\/www.mioro.com.tr\/tr\/wp-json\/wp\/v2\/media?parent=2926"}],"curies":[{"name":"wp","href":"https:\/\/api.w.org\/{rel}","templated":true}]}}