{"id":2878,"date":"2023-10-03T08:55:32","date_gmt":"2023-10-03T08:55:32","guid":{"rendered":"https:\/\/www.mioro.com.tr\/?page_id=2878"},"modified":"2023-10-03T10:00:01","modified_gmt":"2023-10-03T10:00:01","slug":"services","status":"publish","type":"page","link":"https:\/\/www.mioro.com.tr\/tr\/services\/","title":{"rendered":"Services"},"content":{"rendered":"<div data-elementor-type=\"wp-page\" data-elementor-id=\"2878\" class=\"elementor elementor-2878\">\n\t\t\t\t\t\t<section class=\"elementor-section elementor-top-section elementor-element elementor-element-fefaf2d elementor-section-boxed elementor-section-height-default elementor-section-height-default\" data-id=\"fefaf2d\" data-element_type=\"section\">\n\t\t\t\t\t\t<div class=\"elementor-container elementor-column-gap-default\">\n\t\t\t\t\t<div class=\"elementor-column elementor-col-100 elementor-top-column elementor-element elementor-element-fd7a8f6\" data-id=\"fd7a8f6\" data-element_type=\"column\">\n\t\t\t<div class=\"elementor-widget-wrap\">\n\t\t\t\t\t\t\t<\/div>\n\t\t<\/div>\n\t\t\t\t\t<\/div>\n\t\t<\/section>\n\t\t\t\t<section class=\"elementor-section elementor-top-section elementor-element elementor-element-fdb75d8 elementor-section-full_width elementor-section-stretched elementor-section-height-default elementor-section-height-default\" data-id=\"fdb75d8\" data-element_type=\"section\" data-settings=\"{&quot;stretch_section&quot;:&quot;section-stretched&quot;}\">\n\t\t\t\t\t\t<div class=\"elementor-container elementor-column-gap-default\">\n\t\t\t\t\t<div class=\"elementor-column elementor-col-100 elementor-top-column elementor-element elementor-element-e1295bb\" data-id=\"e1295bb\" data-element_type=\"column\">\n\t\t\t<div class=\"elementor-widget-wrap elementor-element-populated\">\n\t\t\t\t\t\t<div class=\"elementor-element elementor-element-3784bd5 elementor-widget elementor-widget-image\" data-id=\"3784bd5\" data-element_type=\"widget\" data-widget_type=\"image.default\">\n\t\t\t\t<div class=\"elementor-widget-container\">\n\t\t\t\t\t\t\t\t\t\t\t\t\t\t\t<img fetchpriority=\"high\" decoding=\"async\" width=\"2560\" height=\"1182\" src=\"https:\/\/www.mioro.com.tr\/wp-content\/uploads\/2023\/10\/services_page-0001-scaled.jpg\" class=\"attachment-full size-full wp-image-2880\" alt=\"\" srcset=\"https:\/\/www.mioro.com.tr\/wp-content\/uploads\/2023\/10\/services_page-0001-scaled.jpg 2560w, https:\/\/www.mioro.com.tr\/wp-content\/uploads\/2023\/10\/services_page-0001-300x139.jpg 300w, https:\/\/www.mioro.com.tr\/wp-content\/uploads\/2023\/10\/services_page-0001-1024x473.jpg 1024w, https:\/\/www.mioro.com.tr\/wp-content\/uploads\/2023\/10\/services_page-0001-768x355.jpg 768w, https:\/\/www.mioro.com.tr\/wp-content\/uploads\/2023\/10\/services_page-0001-1536x709.jpg 1536w, https:\/\/www.mioro.com.tr\/wp-content\/uploads\/2023\/10\/services_page-0001-2048x946.jpg 2048w, https:\/\/www.mioro.com.tr\/wp-content\/uploads\/2023\/10\/services_page-0001-600x277.jpg 600w\" sizes=\"(max-width: 2560px) 100vw, 2560px\" \/>\t\t\t\t\t\t\t\t\t\t\t\t\t\t\t<\/div>\n\t\t\t\t<\/div>\n\t\t\t\t\t<\/div>\n\t\t<\/div>\n\t\t\t\t\t<\/div>\n\t\t<\/section>\n\t\t\t\t<section class=\"elementor-section elementor-top-section elementor-element elementor-element-7b5c373 elementor-section-full_width elementor-section-stretched elementor-section-height-default elementor-section-height-default\" data-id=\"7b5c373\" data-element_type=\"section\" id=\"quality\" data-settings=\"{&quot;stretch_section&quot;:&quot;section-stretched&quot;}\">\n\t\t\t\t\t\t<div class=\"elementor-container elementor-column-gap-default\">\n\t\t\t\t\t<div class=\"elementor-column elementor-col-100 elementor-top-column elementor-element elementor-element-cfa921f\" data-id=\"cfa921f\" data-element_type=\"column\">\n\t\t\t<div class=\"elementor-widget-wrap elementor-element-populated\">\n\t\t\t\t\t\t<div class=\"elementor-element elementor-element-39be463 elementor-widget elementor-widget-image\" data-id=\"39be463\" data-element_type=\"widget\" data-widget_type=\"image.default\">\n\t\t\t\t<div class=\"elementor-widget-container\">\n\t\t\t\t\t\t\t\t\t\t\t\t\t\t\t<img decoding=\"async\" width=\"2560\" height=\"1349\" src=\"https:\/\/www.mioro.com.tr\/wp-content\/uploads\/2023\/10\/services_page-0002-scaled.jpg\" class=\"attachment-full size-full wp-image-2881\" alt=\"\" srcset=\"https:\/\/www.mioro.com.tr\/wp-content\/uploads\/2023\/10\/services_page-0002-scaled.jpg 2560w, https:\/\/www.mioro.com.tr\/wp-content\/uploads\/2023\/10\/services_page-0002-300x158.jpg 300w, https:\/\/www.mioro.com.tr\/wp-content\/uploads\/2023\/10\/services_page-0002-1024x539.jpg 1024w, https:\/\/www.mioro.com.tr\/wp-content\/uploads\/2023\/10\/services_page-0002-768x405.jpg 768w, https:\/\/www.mioro.com.tr\/wp-content\/uploads\/2023\/10\/services_page-0002-1536x809.jpg 1536w, https:\/\/www.mioro.com.tr\/wp-content\/uploads\/2023\/10\/services_page-0002-2048x1079.jpg 2048w, https:\/\/www.mioro.com.tr\/wp-content\/uploads\/2023\/10\/services_page-0002-600x316.jpg 600w\" sizes=\"(max-width: 2560px) 100vw, 2560px\" \/>\t\t\t\t\t\t\t\t\t\t\t\t\t\t\t<\/div>\n\t\t\t\t<\/div>\n\t\t\t\t\t<\/div>\n\t\t<\/div>\n\t\t\t\t\t<\/div>\n\t\t<\/section>\n\t\t\t\t<section class=\"elementor-section elementor-top-section elementor-element elementor-element-97aef27 elementor-section-full_width elementor-section-stretched elementor-section-height-default elementor-section-height-default\" data-id=\"97aef27\" data-element_type=\"section\" id=\"logistic\" data-settings=\"{&quot;stretch_section&quot;:&quot;section-stretched&quot;}\">\n\t\t\t\t\t\t<div class=\"elementor-container elementor-column-gap-default\">\n\t\t\t\t\t<div class=\"elementor-column elementor-col-100 elementor-top-column elementor-element elementor-element-729d188\" data-id=\"729d188\" data-element_type=\"column\">\n\t\t\t<div class=\"elementor-widget-wrap elementor-element-populated\">\n\t\t\t\t\t\t<div class=\"elementor-element elementor-element-3c3171d elementor-widget elementor-widget-image\" data-id=\"3c3171d\" data-element_type=\"widget\" data-widget_type=\"image.default\">\n\t\t\t\t<div class=\"elementor-widget-container\">\n\t\t\t\t\t\t\t\t\t\t\t\t\t\t\t<img decoding=\"async\" width=\"2560\" height=\"1341\" src=\"https:\/\/www.mioro.com.tr\/wp-content\/uploads\/2023\/10\/services_page-0003-scaled.jpg\" class=\"attachment-full size-full wp-image-2882\" alt=\"\" srcset=\"https:\/\/www.mioro.com.tr\/wp-content\/uploads\/2023\/10\/services_page-0003-scaled.jpg 2560w, https:\/\/www.mioro.com.tr\/wp-content\/uploads\/2023\/10\/services_page-0003-300x157.jpg 300w, https:\/\/www.mioro.com.tr\/wp-content\/uploads\/2023\/10\/services_page-0003-1024x536.jpg 1024w, https:\/\/www.mioro.com.tr\/wp-content\/uploads\/2023\/10\/services_page-0003-768x402.jpg 768w, https:\/\/www.mioro.com.tr\/wp-content\/uploads\/2023\/10\/services_page-0003-1536x804.jpg 1536w, https:\/\/www.mioro.com.tr\/wp-content\/uploads\/2023\/10\/services_page-0003-2048x1072.jpg 2048w, https:\/\/www.mioro.com.tr\/wp-content\/uploads\/2023\/10\/services_page-0003-600x314.jpg 600w\" sizes=\"(max-width: 2560px) 100vw, 2560px\" \/>\t\t\t\t\t\t\t\t\t\t\t\t\t\t\t<\/div>\n\t\t\t\t<\/div>\n\t\t\t\t\t<\/div>\n\t\t<\/div>\n\t\t\t\t\t<\/div>\n\t\t<\/section>\n\t\t\t\t<section class=\"elementor-section elementor-top-section elementor-element elementor-element-c30763d elementor-section-full_width elementor-section-stretched elementor-section-height-default elementor-section-height-default\" data-id=\"c30763d\" data-element_type=\"section\" id=\"certificates\" data-settings=\"{&quot;stretch_section&quot;:&quot;section-stretched&quot;}\">\n\t\t\t\t\t\t<div class=\"elementor-container elementor-column-gap-default\">\n\t\t\t\t\t<div class=\"elementor-column elementor-col-100 elementor-top-column elementor-element elementor-element-5fd8aa3\" data-id=\"5fd8aa3\" data-element_type=\"column\">\n\t\t\t<div class=\"elementor-widget-wrap elementor-element-populated\">\n\t\t\t\t\t\t<div class=\"elementor-element elementor-element-bde2daa elementor-widget elementor-widget-image\" data-id=\"bde2daa\" data-element_type=\"widget\" data-widget_type=\"image.default\">\n\t\t\t\t<div class=\"elementor-widget-container\">\n\t\t\t\t\t\t\t\t\t\t\t\t\t\t\t<img loading=\"lazy\" decoding=\"async\" width=\"2560\" height=\"1203\" src=\"https:\/\/www.mioro.com.tr\/wp-content\/uploads\/2023\/10\/services_page-0004-scaled.jpg\" class=\"attachment-full size-full wp-image-2883\" alt=\"\" srcset=\"https:\/\/www.mioro.com.tr\/wp-content\/uploads\/2023\/10\/services_page-0004-scaled.jpg 2560w, https:\/\/www.mioro.com.tr\/wp-content\/uploads\/2023\/10\/services_page-0004-300x141.jpg 300w, https:\/\/www.mioro.com.tr\/wp-content\/uploads\/2023\/10\/services_page-0004-1024x481.jpg 1024w, https:\/\/www.mioro.com.tr\/wp-content\/uploads\/2023\/10\/services_page-0004-768x361.jpg 768w, https:\/\/www.mioro.com.tr\/wp-content\/uploads\/2023\/10\/services_page-0004-1536x722.jpg 1536w, https:\/\/www.mioro.com.tr\/wp-content\/uploads\/2023\/10\/services_page-0004-2048x962.jpg 2048w, https:\/\/www.mioro.com.tr\/wp-content\/uploads\/2023\/10\/services_page-0004-600x282.jpg 600w\" sizes=\"(max-width: 2560px) 100vw, 2560px\" \/>\t\t\t\t\t\t\t\t\t\t\t\t\t\t\t<\/div>\n\t\t\t\t<\/div>\n\t\t\t\t\t<\/div>\n\t\t<\/div>\n\t\t\t\t\t<\/div>\n\t\t<\/section>\n\t\t\t\t<section class=\"elementor-section elementor-top-section elementor-element elementor-element-10f87d2 elementor-section-full_width elementor-section-stretched elementor-section-height-default elementor-section-height-default\" data-id=\"10f87d2\" data-element_type=\"section\" id=\"customer\" data-settings=\"{&quot;stretch_section&quot;:&quot;section-stretched&quot;}\">\n\t\t\t\t\t\t<div class=\"elementor-container elementor-column-gap-default\">\n\t\t\t\t\t<div class=\"elementor-column elementor-col-100 elementor-top-column elementor-element elementor-element-8412000\" data-id=\"8412000\" data-element_type=\"column\">\n\t\t\t<div class=\"elementor-widget-wrap elementor-element-populated\">\n\t\t\t\t\t\t<div class=\"elementor-element elementor-element-457cb1e elementor-widget elementor-widget-image\" data-id=\"457cb1e\" data-element_type=\"widget\" data-widget_type=\"image.default\">\n\t\t\t\t<div class=\"elementor-widget-container\">\n\t\t\t\t\t\t\t\t\t\t\t\t\t\t\t<img loading=\"lazy\" decoding=\"async\" width=\"2560\" height=\"1440\" src=\"https:\/\/www.mioro.com.tr\/wp-content\/uploads\/2023\/10\/services_page-0005-scaled.jpg\" class=\"attachment-full size-full wp-image-2884\" alt=\"\" srcset=\"https:\/\/www.mioro.com.tr\/wp-content\/uploads\/2023\/10\/services_page-0005-scaled.jpg 2560w, https:\/\/www.mioro.com.tr\/wp-content\/uploads\/2023\/10\/services_page-0005-300x169.jpg 300w, https:\/\/www.mioro.com.tr\/wp-content\/uploads\/2023\/10\/services_page-0005-1024x576.jpg 1024w, https:\/\/www.mioro.com.tr\/wp-content\/uploads\/2023\/10\/services_page-0005-768x432.jpg 768w, https:\/\/www.mioro.com.tr\/wp-content\/uploads\/2023\/10\/services_page-0005-1536x864.jpg 1536w, https:\/\/www.mioro.com.tr\/wp-content\/uploads\/2023\/10\/services_page-0005-2048x1152.jpg 2048w, https:\/\/www.mioro.com.tr\/wp-content\/uploads\/2023\/10\/services_page-0005-600x338.jpg 600w\" sizes=\"(max-width: 2560px) 100vw, 2560px\" \/>\t\t\t\t\t\t\t\t\t\t\t\t\t\t\t<\/div>\n\t\t\t\t<\/div>\n\t\t\t\t\t<\/div>\n\t\t<\/div>\n\t\t\t\t\t<\/div>\n\t\t<\/section>\n\t\t\t\t<section class=\"elementor-section elementor-top-section elementor-element elementor-element-c0c985b elementor-section-full_width elementor-section-stretched elementor-section-height-default elementor-section-height-default\" data-id=\"c0c985b\" data-element_type=\"section\" id=\"quamtitiy\" data-settings=\"{&quot;stretch_section&quot;:&quot;section-stretched&quot;}\">\n\t\t\t\t\t\t<div class=\"elementor-container elementor-column-gap-default\">\n\t\t\t\t\t<div class=\"elementor-column elementor-col-100 elementor-top-column elementor-element elementor-element-943c375\" data-id=\"943c375\" data-element_type=\"column\">\n\t\t\t<div class=\"elementor-widget-wrap elementor-element-populated\">\n\t\t\t\t\t\t<div class=\"elementor-element elementor-element-218b77d elementor-widget elementor-widget-image\" data-id=\"218b77d\" data-element_type=\"widget\" data-widget_type=\"image.default\">\n\t\t\t\t<div class=\"elementor-widget-container\">\n\t\t\t\t\t\t\t\t\t\t\t\t\t\t\t<img loading=\"lazy\" decoding=\"async\" width=\"2560\" height=\"1440\" src=\"https:\/\/www.mioro.com.tr\/wp-content\/uploads\/2023\/10\/services_page-0006-scaled.jpg\" class=\"attachment-full size-full wp-image-2885\" alt=\"\" srcset=\"https:\/\/www.mioro.com.tr\/wp-content\/uploads\/2023\/10\/services_page-0006-scaled.jpg 2560w, https:\/\/www.mioro.com.tr\/wp-content\/uploads\/2023\/10\/services_page-0006-300x169.jpg 300w, https:\/\/www.mioro.com.tr\/wp-content\/uploads\/2023\/10\/services_page-0006-1024x576.jpg 1024w, https:\/\/www.mioro.com.tr\/wp-content\/uploads\/2023\/10\/services_page-0006-768x432.jpg 768w, https:\/\/www.mioro.com.tr\/wp-content\/uploads\/2023\/10\/services_page-0006-1536x864.jpg 1536w, https:\/\/www.mioro.com.tr\/wp-content\/uploads\/2023\/10\/services_page-0006-2048x1152.jpg 2048w, https:\/\/www.mioro.com.tr\/wp-content\/uploads\/2023\/10\/services_page-0006-600x338.jpg 600w\" sizes=\"(max-width: 2560px) 100vw, 2560px\" \/>\t\t\t\t\t\t\t\t\t\t\t\t\t\t\t<\/div>\n\t\t\t\t<\/div>\n\t\t\t\t\t<\/div>\n\t\t<\/div>\n\t\t\t\t\t<\/div>\n\t\t<\/section>\n\t\t\t\t<section class=\"elementor-section elementor-top-section elementor-element elementor-element-5ca537b elementor-section-full_width elementor-section-stretched elementor-section-height-default elementor-section-height-default\" data-id=\"5ca537b\" data-element_type=\"section\" data-settings=\"{&quot;stretch_section&quot;:&quot;section-stretched&quot;}\">\n\t\t\t\t\t\t<div class=\"elementor-container elementor-column-gap-default\">\n\t\t\t\t\t<div class=\"elementor-column elementor-col-100 elementor-top-column elementor-element elementor-element-2df49bb\" data-id=\"2df49bb\" data-element_type=\"column\">\n\t\t\t<div class=\"elementor-widget-wrap elementor-element-populated\">\n\t\t\t\t\t\t<div class=\"elementor-element elementor-element-597999c elementor-widget elementor-widget-image\" data-id=\"597999c\" data-element_type=\"widget\" data-widget_type=\"image.default\">\n\t\t\t\t<div class=\"elementor-widget-container\">\n\t\t\t\t\t\t\t\t\t\t\t\t\t\t\t<img loading=\"lazy\" decoding=\"async\" width=\"2560\" height=\"721\" src=\"https:\/\/www.mioro.com.tr\/wp-content\/uploads\/2023\/10\/electro_page-0004-scaled.jpg\" class=\"attachment-full size-full wp-image-2940\" alt=\"\" srcset=\"https:\/\/www.mioro.com.tr\/wp-content\/uploads\/2023\/10\/electro_page-0004-scaled.jpg 2560w, https:\/\/www.mioro.com.tr\/wp-content\/uploads\/2023\/10\/electro_page-0004-300x84.jpg 300w, https:\/\/www.mioro.com.tr\/wp-content\/uploads\/2023\/10\/electro_page-0004-1024x288.jpg 1024w, https:\/\/www.mioro.com.tr\/wp-content\/uploads\/2023\/10\/electro_page-0004-768x216.jpg 768w, https:\/\/www.mioro.com.tr\/wp-content\/uploads\/2023\/10\/electro_page-0004-1536x432.jpg 1536w, https:\/\/www.mioro.com.tr\/wp-content\/uploads\/2023\/10\/electro_page-0004-2048x577.jpg 2048w, https:\/\/www.mioro.com.tr\/wp-content\/uploads\/2023\/10\/electro_page-0004-600x169.jpg 600w\" sizes=\"(max-width: 2560px) 100vw, 2560px\" \/>\t\t\t\t\t\t\t\t\t\t\t\t\t\t\t<\/div>\n\t\t\t\t<\/div>\n\t\t\t\t\t<\/div>\n\t\t<\/div>\n\t\t\t\t\t<\/div>\n\t\t<\/section>\n\t\t\t\t<\/div>","protected":false},"excerpt":{"rendered":"","protected":false},"author":1,"featured_media":0,"parent":0,"menu_order":0,"comment_status":"closed","ping_status":"closed","template":"","meta":{"inline_featured_image":false,"footnotes":""},"class_list":["post-2878","page","type-page","status-publish","hentry"],"yoast_head":"<!-- This site is optimized with the Yoast SEO plugin v25.6 - https:\/\/yoast.com\/wordpress\/plugins\/seo\/ -->\n<title>Services - Mioro<\/title>\n<meta name=\"robots\" content=\"index, follow, max-snippet:-1, max-image-preview:large, max-video-preview:-1\" \/>\n<link rel=\"canonical\" href=\"https:\/\/www.mioro.com.tr\/tr\/services\/\" \/>\n<meta property=\"og:locale\" content=\"tr_TR\" \/>\n<meta property=\"og:type\" content=\"article\" \/>\n<meta property=\"og:title\" content=\"Services - Mioro\" \/>\n<meta property=\"og:url\" content=\"https:\/\/www.mioro.com.tr\/tr\/services\/\" \/>\n<meta property=\"og:site_name\" content=\"Mioro\" \/>\n<meta property=\"article:modified_time\" content=\"2023-10-03T10:00:01+00:00\" \/>\n<meta property=\"og:image\" content=\"https:\/\/www.mioro.com.tr\/wp-content\/uploads\/2023\/10\/services_page-0001-scaled.jpg\" \/>\n<meta name=\"twitter:card\" content=\"summary_large_image\" \/>\n<script type=\"application\/ld+json\" class=\"yoast-schema-graph\">{\"@context\":\"https:\/\/schema.org\",\"@graph\":[{\"@type\":\"WebPage\",\"@id\":\"https:\/\/www.mioro.com.tr\/tr\/services\/\",\"url\":\"https:\/\/www.mioro.com.tr\/tr\/services\/\",\"name\":\"Services - Mioro\",\"isPartOf\":{\"@id\":\"https:\/\/www.mioro.com.tr\/#website\"},\"primaryImageOfPage\":{\"@id\":\"https:\/\/www.mioro.com.tr\/tr\/services\/#primaryimage\"},\"image\":{\"@id\":\"https:\/\/www.mioro.com.tr\/tr\/services\/#primaryimage\"},\"thumbnailUrl\":\"https:\/\/www.mioro.com.tr\/wp-content\/uploads\/2023\/10\/services_page-0001-scaled.jpg\",\"datePublished\":\"2023-10-03T08:55:32+00:00\",\"dateModified\":\"2023-10-03T10:00:01+00:00\",\"breadcrumb\":{\"@id\":\"https:\/\/www.mioro.com.tr\/tr\/services\/#breadcrumb\"},\"inLanguage\":\"tr\",\"potentialAction\":[{\"@type\":\"ReadAction\",\"target\":[\"https:\/\/www.mioro.com.tr\/tr\/services\/\"]}]},{\"@type\":\"ImageObject\",\"inLanguage\":\"tr\",\"@id\":\"https:\/\/www.mioro.com.tr\/tr\/services\/#primaryimage\",\"url\":\"https:\/\/www.mioro.com.tr\/wp-content\/uploads\/2023\/10\/services_page-0001-scaled.jpg\",\"contentUrl\":\"https:\/\/www.mioro.com.tr\/wp-content\/uploads\/2023\/10\/services_page-0001-scaled.jpg\"},{\"@type\":\"BreadcrumbList\",\"@id\":\"https:\/\/www.mioro.com.tr\/tr\/services\/#breadcrumb\",\"itemListElement\":[{\"@type\":\"ListItem\",\"position\":1,\"name\":\"Anasayfa\",\"item\":\"https:\/\/www.mioro.com.tr\/\"},{\"@type\":\"ListItem\",\"position\":2,\"name\":\"Services\"}]},{\"@type\":\"WebSite\",\"@id\":\"https:\/\/www.mioro.com.tr\/#website\",\"url\":\"https:\/\/www.mioro.com.tr\/\",\"name\":\"Mioro\",\"description\":\"Alt\u0131n Zincir \u00dcreticisi ve Alt\u0131n Tak\u0131 \u00dcreticisi Toptanc\u0131s\u0131\",\"potentialAction\":[{\"@type\":\"SearchAction\",\"target\":{\"@type\":\"EntryPoint\",\"urlTemplate\":\"https:\/\/www.mioro.com.tr\/?s={search_term_string}\"},\"query-input\":{\"@type\":\"PropertyValueSpecification\",\"valueRequired\":true,\"valueName\":\"search_term_string\"}}],\"inLanguage\":\"tr\"}]}<\/script>\n<!-- \/ Yoast SEO plugin. -->","yoast_head_json":{"title":"Services - Mioro","robots":{"index":"index","follow":"follow","max-snippet":"max-snippet:-1","max-image-preview":"max-image-preview:large","max-video-preview":"max-video-preview:-1"},"canonical":"https:\/\/www.mioro.com.tr\/tr\/services\/","og_locale":"tr_TR","og_type":"article","og_title":"Services - Mioro","og_url":"https:\/\/www.mioro.com.tr\/tr\/services\/","og_site_name":"Mioro","article_modified_time":"2023-10-03T10:00:01+00:00","og_image":[{"url":"https:\/\/www.mioro.com.tr\/wp-content\/uploads\/2023\/10\/services_page-0001-scaled.jpg","type":"","width":"","height":""}],"twitter_card":"summary_large_image","schema":{"@context":"https:\/\/schema.org","@graph":[{"@type":"WebPage","@id":"https:\/\/www.mioro.com.tr\/tr\/services\/","url":"https:\/\/www.mioro.com.tr\/tr\/services\/","name":"Services - Mioro","isPartOf":{"@id":"https:\/\/www.mioro.com.tr\/#website"},"primaryImageOfPage":{"@id":"https:\/\/www.mioro.com.tr\/tr\/services\/#primaryimage"},"image":{"@id":"https:\/\/www.mioro.com.tr\/tr\/services\/#primaryimage"},"thumbnailUrl":"https:\/\/www.mioro.com.tr\/wp-content\/uploads\/2023\/10\/services_page-0001-scaled.jpg","datePublished":"2023-10-03T08:55:32+00:00","dateModified":"2023-10-03T10:00:01+00:00","breadcrumb":{"@id":"https:\/\/www.mioro.com.tr\/tr\/services\/#breadcrumb"},"inLanguage":"tr","potentialAction":[{"@type":"ReadAction","target":["https:\/\/www.mioro.com.tr\/tr\/services\/"]}]},{"@type":"ImageObject","inLanguage":"tr","@id":"https:\/\/www.mioro.com.tr\/tr\/services\/#primaryimage","url":"https:\/\/www.mioro.com.tr\/wp-content\/uploads\/2023\/10\/services_page-0001-scaled.jpg","contentUrl":"https:\/\/www.mioro.com.tr\/wp-content\/uploads\/2023\/10\/services_page-0001-scaled.jpg"},{"@type":"BreadcrumbList","@id":"https:\/\/www.mioro.com.tr\/tr\/services\/#breadcrumb","itemListElement":[{"@type":"ListItem","position":1,"name":"Anasayfa","item":"https:\/\/www.mioro.com.tr\/"},{"@type":"ListItem","position":2,"name":"Services"}]},{"@type":"WebSite","@id":"https:\/\/www.mioro.com.tr\/#website","url":"https:\/\/www.mioro.com.tr\/","name":"Mioro","description":"Alt\u0131n Zincir \u00dcreticisi ve Alt\u0131n Tak\u0131 \u00dcreticisi Toptanc\u0131s\u0131","potentialAction":[{"@type":"SearchAction","target":{"@type":"EntryPoint","urlTemplate":"https:\/\/www.mioro.com.tr\/?s={search_term_string}"},"query-input":{"@type":"PropertyValueSpecification","valueRequired":true,"valueName":"search_term_string"}}],"inLanguage":"tr"}]}},"_links":{"self":[{"href":"https:\/\/www.mioro.com.tr\/tr\/wp-json\/wp\/v2\/pages\/2878","targetHints":{"allow":["GET"]}}],"collection":[{"href":"https:\/\/www.mioro.com.tr\/tr\/wp-json\/wp\/v2\/pages"}],"about":[{"href":"https:\/\/www.mioro.com.tr\/tr\/wp-json\/wp\/v2\/types\/page"}],"author":[{"embeddable":true,"href":"https:\/\/www.mioro.com.tr\/tr\/wp-json\/wp\/v2\/users\/1"}],"replies":[{"embeddable":true,"href":"https:\/\/www.mioro.com.tr\/tr\/wp-json\/wp\/v2\/comments?post=2878"}],"version-history":[{"count":10,"href":"https:\/\/www.mioro.com.tr\/tr\/wp-json\/wp\/v2\/pages\/2878\/revisions"}],"predecessor-version":[{"id":2961,"href":"https:\/\/www.mioro.com.tr\/tr\/wp-json\/wp\/v2\/pages\/2878\/revisions\/2961"}],"wp:attachment":[{"href":"https:\/\/www.mioro.com.tr\/tr\/wp-json\/wp\/v2\/media?parent=2878"}],"curies":[{"name":"wp","href":"https:\/\/api.w.org\/{rel}","templated":true}]}}