{"id":2688,"date":"2023-09-18T19:05:43","date_gmt":"2023-09-18T19:05:43","guid":{"rendered":"https:\/\/www.mioro.com.tr\/?page_id=2688"},"modified":"2023-11-06T19:48:43","modified_gmt":"2023-11-06T19:48:43","slug":"sustainability","status":"publish","type":"page","link":"https:\/\/www.mioro.com.tr\/tr\/sustainability\/","title":{"rendered":"Sustainability"},"content":{"rendered":"<div data-elementor-type=\"wp-page\" data-elementor-id=\"2688\" class=\"elementor elementor-2688\">\n\t\t\t\t\t\t<section class=\"elementor-section elementor-top-section elementor-element elementor-element-d67f73e elementor-section-full_width elementor-section-stretched elementor-section-height-default elementor-section-height-default\" data-id=\"d67f73e\" data-element_type=\"section\" data-settings=\"{&quot;stretch_section&quot;:&quot;section-stretched&quot;}\">\n\t\t\t\t\t\t<div class=\"elementor-container elementor-column-gap-default\">\n\t\t\t\t\t<div class=\"elementor-column elementor-col-100 elementor-top-column elementor-element elementor-element-f725bbe\" data-id=\"f725bbe\" data-element_type=\"column\">\n\t\t\t<div class=\"elementor-widget-wrap\">\n\t\t\t\t\t\t\t<\/div>\n\t\t<\/div>\n\t\t\t\t\t<\/div>\n\t\t<\/section>\n\t\t\t\t<section class=\"elementor-section elementor-top-section elementor-element elementor-element-67c4ef6 elementor-section-full_width elementor-section-stretched elementor-section-height-default elementor-section-height-default\" data-id=\"67c4ef6\" data-element_type=\"section\" data-settings=\"{&quot;stretch_section&quot;:&quot;section-stretched&quot;}\">\n\t\t\t\t\t\t<div class=\"elementor-container elementor-column-gap-default\">\n\t\t\t\t\t<div class=\"elementor-column elementor-col-100 elementor-top-column elementor-element elementor-element-75bc0fe\" data-id=\"75bc0fe\" data-element_type=\"column\">\n\t\t\t<div class=\"elementor-widget-wrap elementor-element-populated\">\n\t\t\t\t\t\t<div class=\"elementor-element elementor-element-6c750fc elementor-widget elementor-widget-image\" data-id=\"6c750fc\" data-element_type=\"widget\" data-widget_type=\"image.default\">\n\t\t\t\t<div class=\"elementor-widget-container\">\n\t\t\t\t\t\t\t\t\t\t\t\t\t\t\t<img fetchpriority=\"high\" decoding=\"async\" width=\"1600\" height=\"900\" src=\"https:\/\/www.mioro.com.tr\/wp-content\/uploads\/2023\/09\/WhatsApp-Gorsel-2023-09-18-saat-23.27.52.jpg\" class=\"attachment-full size-full wp-image-2726\" alt=\"\" srcset=\"https:\/\/www.mioro.com.tr\/wp-content\/uploads\/2023\/09\/WhatsApp-Gorsel-2023-09-18-saat-23.27.52.jpg 1600w, https:\/\/www.mioro.com.tr\/wp-content\/uploads\/2023\/09\/WhatsApp-Gorsel-2023-09-18-saat-23.27.52-300x169.jpg 300w, https:\/\/www.mioro.com.tr\/wp-content\/uploads\/2023\/09\/WhatsApp-Gorsel-2023-09-18-saat-23.27.52-1024x576.jpg 1024w, https:\/\/www.mioro.com.tr\/wp-content\/uploads\/2023\/09\/WhatsApp-Gorsel-2023-09-18-saat-23.27.52-768x432.jpg 768w, https:\/\/www.mioro.com.tr\/wp-content\/uploads\/2023\/09\/WhatsApp-Gorsel-2023-09-18-saat-23.27.52-1536x864.jpg 1536w, https:\/\/www.mioro.com.tr\/wp-content\/uploads\/2023\/09\/WhatsApp-Gorsel-2023-09-18-saat-23.27.52-600x338.jpg 600w\" sizes=\"(max-width: 1600px) 100vw, 1600px\" \/>\t\t\t\t\t\t\t\t\t\t\t\t\t\t\t<\/div>\n\t\t\t\t<\/div>\n\t\t\t\t\t<\/div>\n\t\t<\/div>\n\t\t\t\t\t<\/div>\n\t\t<\/section>\n\t\t\t\t<section class=\"elementor-section elementor-top-section elementor-element elementor-element-a81cb4b elementor-section-stretched elementor-section-boxed elementor-section-height-default elementor-section-height-default\" data-id=\"a81cb4b\" data-element_type=\"section\" data-settings=\"{&quot;stretch_section&quot;:&quot;section-stretched&quot;}\">\n\t\t\t\t\t\t<div class=\"elementor-container elementor-column-gap-default\">\n\t\t\t\t\t<div class=\"elementor-column elementor-col-100 elementor-top-column elementor-element elementor-element-80daefb\" data-id=\"80daefb\" data-element_type=\"column\">\n\t\t\t<div class=\"elementor-widget-wrap elementor-element-populated\">\n\t\t\t\t\t\t<div class=\"elementor-element elementor-element-bd27194 elementor-widget elementor-widget-text-editor\" data-id=\"bd27194\" data-element_type=\"widget\" data-widget_type=\"text-editor.default\">\n\t\t\t\t<div class=\"elementor-widget-container\">\n\t\t\t\t\t\t\t\t\t<p style=\"text-align: center;\">At Mioro, sustainability isn&#8217; t just a buzzword; it&#8217;s an integral part of our culture. Our loyalty to ISO Standard Certi\ufb01cations and regular evaluations by international \ufb01rms underscore our dedication to responsible and sustainable gold\u00a0production.<\/p>\t\t\t\t\t\t\t\t<\/div>\n\t\t\t\t<\/div>\n\t\t\t\t\t<\/div>\n\t\t<\/div>\n\t\t\t\t\t<\/div>\n\t\t<\/section>\n\t\t\t\t<section class=\"elementor-section elementor-top-section elementor-element elementor-element-76110b9 elementor-section-full_width elementor-section-height-default elementor-section-height-default\" data-id=\"76110b9\" data-element_type=\"section\">\n\t\t\t\t\t\t<div class=\"elementor-container elementor-column-gap-default\">\n\t\t\t\t\t<div class=\"elementor-column elementor-col-50 elementor-top-column elementor-element elementor-element-4643cb7\" data-id=\"4643cb7\" data-element_type=\"column\">\n\t\t\t<div class=\"elementor-widget-wrap elementor-element-populated\">\n\t\t\t\t\t\t<section class=\"elementor-section elementor-inner-section elementor-element elementor-element-f692ee4 elementor-section-boxed elementor-section-height-default elementor-section-height-default\" data-id=\"f692ee4\" data-element_type=\"section\">\n\t\t\t\t\t\t<div class=\"elementor-container elementor-column-gap-default\">\n\t\t\t\t\t<div class=\"elementor-column elementor-col-50 elementor-inner-column elementor-element elementor-element-033799e\" data-id=\"033799e\" data-element_type=\"column\">\n\t\t\t<div class=\"elementor-widget-wrap elementor-element-populated\">\n\t\t\t\t\t\t<div class=\"elementor-element elementor-element-1ba2e85 elementor-widget elementor-widget-image\" data-id=\"1ba2e85\" data-element_type=\"widget\" data-widget_type=\"image.default\">\n\t\t\t\t<div class=\"elementor-widget-container\">\n\t\t\t\t\t\t\t\t\t\t\t\t\t\t\t<img decoding=\"async\" width=\"683\" height=\"1024\" src=\"https:\/\/www.mioro.com.tr\/wp-content\/uploads\/2023\/09\/RAW9340-683x1024.jpg\" class=\"attachment-large size-large wp-image-2740\" alt=\"\" srcset=\"https:\/\/www.mioro.com.tr\/wp-content\/uploads\/2023\/09\/RAW9340-683x1024.jpg 683w, https:\/\/www.mioro.com.tr\/wp-content\/uploads\/2023\/09\/RAW9340-200x300.jpg 200w, https:\/\/www.mioro.com.tr\/wp-content\/uploads\/2023\/09\/RAW9340-768x1152.jpg 768w, https:\/\/www.mioro.com.tr\/wp-content\/uploads\/2023\/09\/RAW9340-1024x1536.jpg 1024w, https:\/\/www.mioro.com.tr\/wp-content\/uploads\/2023\/09\/RAW9340-scaled.jpg 1706w\" sizes=\"(max-width: 683px) 100vw, 683px\" \/>\t\t\t\t\t\t\t\t\t\t\t\t\t\t\t<\/div>\n\t\t\t\t<\/div>\n\t\t\t\t\t<\/div>\n\t\t<\/div>\n\t\t\t\t<div class=\"elementor-column elementor-col-50 elementor-inner-column elementor-element elementor-element-924120a\" data-id=\"924120a\" data-element_type=\"column\">\n\t\t\t<div class=\"elementor-widget-wrap elementor-element-populated\">\n\t\t\t\t\t\t<div class=\"elementor-element elementor-element-53b16fe elementor-widget elementor-widget-image\" data-id=\"53b16fe\" data-element_type=\"widget\" data-widget_type=\"image.default\">\n\t\t\t\t<div class=\"elementor-widget-container\">\n\t\t\t\t\t\t\t\t\t\t\t\t\t\t\t<img decoding=\"async\" src=\"https:\/\/www.mioro.com.tr\/wp-content\/uploads\/2023\/09\/RAW8604.jpg\" class=\"attachment-full size-full wp-image-2738\" alt=\"\" \/>\t\t\t\t\t\t\t\t\t\t\t\t\t\t\t<\/div>\n\t\t\t\t<\/div>\n\t\t\t\t\t<\/div>\n\t\t<\/div>\n\t\t\t\t\t<\/div>\n\t\t<\/section>\n\t\t\t\t\t<\/div>\n\t\t<\/div>\n\t\t\t\t<div class=\"elementor-column elementor-col-50 elementor-top-column elementor-element elementor-element-b1afb82\" data-id=\"b1afb82\" data-element_type=\"column\">\n\t\t\t<div class=\"elementor-widget-wrap elementor-element-populated\">\n\t\t\t\t\t\t<div class=\"elementor-element elementor-element-7410b93 elementor-widget elementor-widget-image\" data-id=\"7410b93\" data-element_type=\"widget\" data-widget_type=\"image.default\">\n\t\t\t\t<div class=\"elementor-widget-container\">\n\t\t\t\t\t\t\t\t\t\t\t\t\t\t\t<img decoding=\"async\" width=\"843\" height=\"702\" src=\"https:\/\/www.mioro.com.tr\/wp-content\/uploads\/2023\/09\/WhatsApp-Gorsel-2023-09-18-saat-23.41.27-1024x853.jpg\" class=\"attachment-large size-large wp-image-2737\" alt=\"\" srcset=\"https:\/\/www.mioro.com.tr\/wp-content\/uploads\/2023\/09\/WhatsApp-Gorsel-2023-09-18-saat-23.41.27-1024x853.jpg 1024w, https:\/\/www.mioro.com.tr\/wp-content\/uploads\/2023\/09\/WhatsApp-Gorsel-2023-09-18-saat-23.41.27-300x250.jpg 300w, https:\/\/www.mioro.com.tr\/wp-content\/uploads\/2023\/09\/WhatsApp-Gorsel-2023-09-18-saat-23.41.27-768x640.jpg 768w, https:\/\/www.mioro.com.tr\/wp-content\/uploads\/2023\/09\/WhatsApp-Gorsel-2023-09-18-saat-23.41.27-1536x1280.jpg 1536w, https:\/\/www.mioro.com.tr\/wp-content\/uploads\/2023\/09\/WhatsApp-Gorsel-2023-09-18-saat-23.41.27-600x500.jpg 600w, https:\/\/www.mioro.com.tr\/wp-content\/uploads\/2023\/09\/WhatsApp-Gorsel-2023-09-18-saat-23.41.27.jpg 1600w\" sizes=\"(max-width: 843px) 100vw, 843px\" \/>\t\t\t\t\t\t\t\t\t\t\t\t\t\t\t<\/div>\n\t\t\t\t<\/div>\n\t\t\t\t\t<\/div>\n\t\t<\/div>\n\t\t\t\t\t<\/div>\n\t\t<\/section>\n\t\t\t\t<\/div>","protected":false},"excerpt":{"rendered":"<p>At Mioro, sustainability isn&#8217; t just a buzzword; it&#8217;s an integral part of our culture. Our loyalty to ISO Standard Certi\ufb01cations and regular evaluations by international \ufb01rms underscore our dedication to responsible and sustainable gold\u00a0production.<\/p>","protected":false},"author":1,"featured_media":0,"parent":0,"menu_order":0,"comment_status":"closed","ping_status":"closed","template":"","meta":{"inline_featured_image":false,"footnotes":""},"class_list":["post-2688","page","type-page","status-publish","hentry"],"yoast_head":"<!-- This site is optimized with the Yoast SEO plugin v25.6 - https:\/\/yoast.com\/wordpress\/plugins\/seo\/ -->\n<title>Sustainability - Mioro<\/title>\n<meta name=\"robots\" content=\"index, follow, max-snippet:-1, max-image-preview:large, max-video-preview:-1\" \/>\n<link rel=\"canonical\" href=\"https:\/\/www.mioro.com.tr\/tr\/sustainability\/\" \/>\n<meta property=\"og:locale\" content=\"tr_TR\" \/>\n<meta property=\"og:type\" content=\"article\" \/>\n<meta property=\"og:title\" content=\"Sustainability - Mioro\" \/>\n<meta property=\"og:description\" content=\"At Mioro, sustainability isn&#8217; t just a buzzword; it&#8217;s an integral part of our culture. Our loyalty to ISO Standard Certi\ufb01cations and regular evaluations by international \ufb01rms underscore our dedication to responsible and sustainable gold\u00a0production.\" \/>\n<meta property=\"og:url\" content=\"https:\/\/www.mioro.com.tr\/tr\/sustainability\/\" \/>\n<meta property=\"og:site_name\" content=\"Mioro\" \/>\n<meta property=\"article:modified_time\" content=\"2023-11-06T19:48:43+00:00\" \/>\n<meta property=\"og:image\" content=\"https:\/\/www.mioro.com.tr\/wp-content\/uploads\/2023\/09\/WhatsApp-Gorsel-2023-09-18-saat-23.27.52.jpg\" \/>\n<meta name=\"twitter:card\" content=\"summary_large_image\" \/>\n<script type=\"application\/ld+json\" class=\"yoast-schema-graph\">{\"@context\":\"https:\/\/schema.org\",\"@graph\":[{\"@type\":\"WebPage\",\"@id\":\"https:\/\/www.mioro.com.tr\/sustainability\/\",\"url\":\"https:\/\/www.mioro.com.tr\/sustainability\/\",\"name\":\"Sustainability - Mioro\",\"isPartOf\":{\"@id\":\"https:\/\/www.mioro.com.tr\/#website\"},\"primaryImageOfPage\":{\"@id\":\"https:\/\/www.mioro.com.tr\/sustainability\/#primaryimage\"},\"image\":{\"@id\":\"https:\/\/www.mioro.com.tr\/sustainability\/#primaryimage\"},\"thumbnailUrl\":\"https:\/\/www.mioro.com.tr\/wp-content\/uploads\/2023\/09\/WhatsApp-Gorsel-2023-09-18-saat-23.27.52.jpg\",\"datePublished\":\"2023-09-18T19:05:43+00:00\",\"dateModified\":\"2023-11-06T19:48:43+00:00\",\"breadcrumb\":{\"@id\":\"https:\/\/www.mioro.com.tr\/sustainability\/#breadcrumb\"},\"inLanguage\":\"tr\",\"potentialAction\":[{\"@type\":\"ReadAction\",\"target\":[\"https:\/\/www.mioro.com.tr\/sustainability\/\"]}]},{\"@type\":\"ImageObject\",\"inLanguage\":\"tr\",\"@id\":\"https:\/\/www.mioro.com.tr\/sustainability\/#primaryimage\",\"url\":\"https:\/\/www.mioro.com.tr\/wp-content\/uploads\/2023\/09\/WhatsApp-Gorsel-2023-09-18-saat-23.27.52.jpg\",\"contentUrl\":\"https:\/\/www.mioro.com.tr\/wp-content\/uploads\/2023\/09\/WhatsApp-Gorsel-2023-09-18-saat-23.27.52.jpg\"},{\"@type\":\"BreadcrumbList\",\"@id\":\"https:\/\/www.mioro.com.tr\/sustainability\/#breadcrumb\",\"itemListElement\":[{\"@type\":\"ListItem\",\"position\":1,\"name\":\"Anasayfa\",\"item\":\"https:\/\/www.mioro.com.tr\/\"},{\"@type\":\"ListItem\",\"position\":2,\"name\":\"Sustainability\"}]},{\"@type\":\"WebSite\",\"@id\":\"https:\/\/www.mioro.com.tr\/#website\",\"url\":\"https:\/\/www.mioro.com.tr\/\",\"name\":\"Mioro\",\"description\":\"Alt\u0131n Zincir \u00dcreticisi ve Alt\u0131n Tak\u0131 \u00dcreticisi Toptanc\u0131s\u0131\",\"potentialAction\":[{\"@type\":\"SearchAction\",\"target\":{\"@type\":\"EntryPoint\",\"urlTemplate\":\"https:\/\/www.mioro.com.tr\/?s={search_term_string}\"},\"query-input\":{\"@type\":\"PropertyValueSpecification\",\"valueRequired\":true,\"valueName\":\"search_term_string\"}}],\"inLanguage\":\"tr\"}]}<\/script>\n<!-- \/ Yoast SEO plugin. -->","yoast_head_json":{"title":"Sustainability - Mioro","robots":{"index":"index","follow":"follow","max-snippet":"max-snippet:-1","max-image-preview":"max-image-preview:large","max-video-preview":"max-video-preview:-1"},"canonical":"https:\/\/www.mioro.com.tr\/tr\/sustainability\/","og_locale":"tr_TR","og_type":"article","og_title":"Sustainability - Mioro","og_description":"At Mioro, sustainability isn&#8217; t just a buzzword; it&#8217;s an integral part of our culture. Our loyalty to ISO Standard Certi\ufb01cations and regular evaluations by international \ufb01rms underscore our dedication to responsible and sustainable gold\u00a0production.","og_url":"https:\/\/www.mioro.com.tr\/tr\/sustainability\/","og_site_name":"Mioro","article_modified_time":"2023-11-06T19:48:43+00:00","og_image":[{"url":"https:\/\/www.mioro.com.tr\/wp-content\/uploads\/2023\/09\/WhatsApp-Gorsel-2023-09-18-saat-23.27.52.jpg","type":"","width":"","height":""}],"twitter_card":"summary_large_image","schema":{"@context":"https:\/\/schema.org","@graph":[{"@type":"WebPage","@id":"https:\/\/www.mioro.com.tr\/sustainability\/","url":"https:\/\/www.mioro.com.tr\/sustainability\/","name":"Sustainability - Mioro","isPartOf":{"@id":"https:\/\/www.mioro.com.tr\/#website"},"primaryImageOfPage":{"@id":"https:\/\/www.mioro.com.tr\/sustainability\/#primaryimage"},"image":{"@id":"https:\/\/www.mioro.com.tr\/sustainability\/#primaryimage"},"thumbnailUrl":"https:\/\/www.mioro.com.tr\/wp-content\/uploads\/2023\/09\/WhatsApp-Gorsel-2023-09-18-saat-23.27.52.jpg","datePublished":"2023-09-18T19:05:43+00:00","dateModified":"2023-11-06T19:48:43+00:00","breadcrumb":{"@id":"https:\/\/www.mioro.com.tr\/sustainability\/#breadcrumb"},"inLanguage":"tr","potentialAction":[{"@type":"ReadAction","target":["https:\/\/www.mioro.com.tr\/sustainability\/"]}]},{"@type":"ImageObject","inLanguage":"tr","@id":"https:\/\/www.mioro.com.tr\/sustainability\/#primaryimage","url":"https:\/\/www.mioro.com.tr\/wp-content\/uploads\/2023\/09\/WhatsApp-Gorsel-2023-09-18-saat-23.27.52.jpg","contentUrl":"https:\/\/www.mioro.com.tr\/wp-content\/uploads\/2023\/09\/WhatsApp-Gorsel-2023-09-18-saat-23.27.52.jpg"},{"@type":"BreadcrumbList","@id":"https:\/\/www.mioro.com.tr\/sustainability\/#breadcrumb","itemListElement":[{"@type":"ListItem","position":1,"name":"Anasayfa","item":"https:\/\/www.mioro.com.tr\/"},{"@type":"ListItem","position":2,"name":"Sustainability"}]},{"@type":"WebSite","@id":"https:\/\/www.mioro.com.tr\/#website","url":"https:\/\/www.mioro.com.tr\/","name":"Mioro","description":"Alt\u0131n Zincir \u00dcreticisi ve Alt\u0131n Tak\u0131 \u00dcreticisi Toptanc\u0131s\u0131","potentialAction":[{"@type":"SearchAction","target":{"@type":"EntryPoint","urlTemplate":"https:\/\/www.mioro.com.tr\/?s={search_term_string}"},"query-input":{"@type":"PropertyValueSpecification","valueRequired":true,"valueName":"search_term_string"}}],"inLanguage":"tr"}]}},"_links":{"self":[{"href":"https:\/\/www.mioro.com.tr\/tr\/wp-json\/wp\/v2\/pages\/2688","targetHints":{"allow":["GET"]}}],"collection":[{"href":"https:\/\/www.mioro.com.tr\/tr\/wp-json\/wp\/v2\/pages"}],"about":[{"href":"https:\/\/www.mioro.com.tr\/tr\/wp-json\/wp\/v2\/types\/page"}],"author":[{"embeddable":true,"href":"https:\/\/www.mioro.com.tr\/tr\/wp-json\/wp\/v2\/users\/1"}],"replies":[{"embeddable":true,"href":"https:\/\/www.mioro.com.tr\/tr\/wp-json\/wp\/v2\/comments?post=2688"}],"version-history":[{"count":14,"href":"https:\/\/www.mioro.com.tr\/tr\/wp-json\/wp\/v2\/pages\/2688\/revisions"}],"predecessor-version":[{"id":3442,"href":"https:\/\/www.mioro.com.tr\/tr\/wp-json\/wp\/v2\/pages\/2688\/revisions\/3442"}],"wp:attachment":[{"href":"https:\/\/www.mioro.com.tr\/tr\/wp-json\/wp\/v2\/media?parent=2688"}],"curies":[{"name":"wp","href":"https:\/\/api.w.org\/{rel}","templated":true}]}}