{"id":120,"date":"2023-05-04T08:46:04","date_gmt":"2023-05-04T08:46:04","guid":{"rendered":"https:\/\/skyhaus.modeltheme.com\/?page_id=120"},"modified":"2023-05-04T08:46:04","modified_gmt":"2023-05-04T08:46:04","slug":"blog-grid","status":"publish","type":"page","link":"https:\/\/www.mioro.com.tr\/tr\/blog-grid\/","title":{"rendered":"Blog Grid"},"content":{"rendered":"<div id=\"wpmem_restricted_msg\"><p>This content is restricted to site members.  If you are an existing user, please log in.  New users may register below.<\/p><\/div>","protected":false},"excerpt":{"rendered":"<p>This content is restricted to site members. If you are an existing user, please log in. New users may register below.<\/p>","protected":false},"author":1,"featured_media":0,"parent":0,"menu_order":0,"comment_status":"closed","ping_status":"closed","template":"","meta":{"inline_featured_image":false,"footnotes":""},"class_list":["post-120","page","type-page","status-publish","hentry"],"yoast_head":"<!-- This site is optimized with the Yoast SEO plugin v25.6 - https:\/\/yoast.com\/wordpress\/plugins\/seo\/ -->\n<title>Blog Grid - Mioro<\/title>\n<meta name=\"robots\" content=\"index, follow, max-snippet:-1, max-image-preview:large, max-video-preview:-1\" \/>\n<link rel=\"canonical\" href=\"https:\/\/www.mioro.com.tr\/tr\/blog-grid\/\" \/>\n<meta property=\"og:locale\" content=\"tr_TR\" \/>\n<meta property=\"og:type\" content=\"article\" \/>\n<meta property=\"og:title\" content=\"Blog Grid - Mioro\" \/>\n<meta property=\"og:description\" content=\"This content is restricted to site members. If you are an existing user, please log in. New users may register below.\" \/>\n<meta property=\"og:url\" content=\"https:\/\/www.mioro.com.tr\/tr\/blog-grid\/\" \/>\n<meta property=\"og:site_name\" content=\"Mioro\" \/>\n<meta property=\"og:image\" content=\"https:\/\/skyhaus.modeltheme.com\/wp-content\/uploads\/2023\/05\/skyhaus-blog-7-768x512.jpg\" \/>\n<meta name=\"twitter:card\" content=\"summary_large_image\" \/>\n<meta name=\"twitter:label1\" content=\"Tahmini okuma s\u00fcresi\" \/>\n\t<meta name=\"twitter:data1\" content=\"1 dakika\" \/>\n<script type=\"application\/ld+json\" class=\"yoast-schema-graph\">{\"@context\":\"https:\/\/schema.org\",\"@graph\":[{\"@type\":\"WebPage\",\"@id\":\"https:\/\/www.mioro.com.tr\/blog-grid\/\",\"url\":\"https:\/\/www.mioro.com.tr\/blog-grid\/\",\"name\":\"Blog Grid - Mioro\",\"isPartOf\":{\"@id\":\"https:\/\/www.mioro.com.tr\/#website\"},\"primaryImageOfPage\":{\"@id\":\"https:\/\/www.mioro.com.tr\/blog-grid\/#primaryimage\"},\"image\":{\"@id\":\"https:\/\/www.mioro.com.tr\/blog-grid\/#primaryimage\"},\"thumbnailUrl\":\"https:\/\/skyhaus.modeltheme.com\/wp-content\/uploads\/2023\/05\/skyhaus-blog-7-768x512.jpg\",\"datePublished\":\"2023-05-04T08:46:04+00:00\",\"breadcrumb\":{\"@id\":\"https:\/\/www.mioro.com.tr\/blog-grid\/#breadcrumb\"},\"inLanguage\":\"tr\",\"potentialAction\":[{\"@type\":\"ReadAction\",\"target\":[\"https:\/\/www.mioro.com.tr\/blog-grid\/\"]}]},{\"@type\":\"ImageObject\",\"inLanguage\":\"tr\",\"@id\":\"https:\/\/www.mioro.com.tr\/blog-grid\/#primaryimage\",\"url\":\"https:\/\/skyhaus.modeltheme.com\/wp-content\/uploads\/2023\/05\/skyhaus-blog-7-768x512.jpg\",\"contentUrl\":\"https:\/\/skyhaus.modeltheme.com\/wp-content\/uploads\/2023\/05\/skyhaus-blog-7-768x512.jpg\"},{\"@type\":\"BreadcrumbList\",\"@id\":\"https:\/\/www.mioro.com.tr\/blog-grid\/#breadcrumb\",\"itemListElement\":[{\"@type\":\"ListItem\",\"position\":1,\"name\":\"Anasayfa\",\"item\":\"https:\/\/www.mioro.com.tr\/\"},{\"@type\":\"ListItem\",\"position\":2,\"name\":\"Blog Grid\"}]},{\"@type\":\"WebSite\",\"@id\":\"https:\/\/www.mioro.com.tr\/#website\",\"url\":\"https:\/\/www.mioro.com.tr\/\",\"name\":\"Mioro\",\"description\":\"Alt\u0131n Zincir \u00dcreticisi ve Alt\u0131n Tak\u0131 \u00dcreticisi Toptanc\u0131s\u0131\",\"potentialAction\":[{\"@type\":\"SearchAction\",\"target\":{\"@type\":\"EntryPoint\",\"urlTemplate\":\"https:\/\/www.mioro.com.tr\/?s={search_term_string}\"},\"query-input\":{\"@type\":\"PropertyValueSpecification\",\"valueRequired\":true,\"valueName\":\"search_term_string\"}}],\"inLanguage\":\"tr\"}]}<\/script>\n<!-- \/ Yoast SEO plugin. -->","yoast_head_json":{"title":"Blog Grid - Mioro","robots":{"index":"index","follow":"follow","max-snippet":"max-snippet:-1","max-image-preview":"max-image-preview:large","max-video-preview":"max-video-preview:-1"},"canonical":"https:\/\/www.mioro.com.tr\/tr\/blog-grid\/","og_locale":"tr_TR","og_type":"article","og_title":"Blog Grid - Mioro","og_description":"This content is restricted to site members. If you are an existing user, please log in. New users may register below.","og_url":"https:\/\/www.mioro.com.tr\/tr\/blog-grid\/","og_site_name":"Mioro","og_image":[{"url":"https:\/\/skyhaus.modeltheme.com\/wp-content\/uploads\/2023\/05\/skyhaus-blog-7-768x512.jpg","type":"","width":"","height":""}],"twitter_card":"summary_large_image","twitter_misc":{"Tahmini okuma s\u00fcresi":"1 dakika"},"schema":{"@context":"https:\/\/schema.org","@graph":[{"@type":"WebPage","@id":"https:\/\/www.mioro.com.tr\/blog-grid\/","url":"https:\/\/www.mioro.com.tr\/blog-grid\/","name":"Blog Grid - Mioro","isPartOf":{"@id":"https:\/\/www.mioro.com.tr\/#website"},"primaryImageOfPage":{"@id":"https:\/\/www.mioro.com.tr\/blog-grid\/#primaryimage"},"image":{"@id":"https:\/\/www.mioro.com.tr\/blog-grid\/#primaryimage"},"thumbnailUrl":"https:\/\/skyhaus.modeltheme.com\/wp-content\/uploads\/2023\/05\/skyhaus-blog-7-768x512.jpg","datePublished":"2023-05-04T08:46:04+00:00","breadcrumb":{"@id":"https:\/\/www.mioro.com.tr\/blog-grid\/#breadcrumb"},"inLanguage":"tr","potentialAction":[{"@type":"ReadAction","target":["https:\/\/www.mioro.com.tr\/blog-grid\/"]}]},{"@type":"ImageObject","inLanguage":"tr","@id":"https:\/\/www.mioro.com.tr\/blog-grid\/#primaryimage","url":"https:\/\/skyhaus.modeltheme.com\/wp-content\/uploads\/2023\/05\/skyhaus-blog-7-768x512.jpg","contentUrl":"https:\/\/skyhaus.modeltheme.com\/wp-content\/uploads\/2023\/05\/skyhaus-blog-7-768x512.jpg"},{"@type":"BreadcrumbList","@id":"https:\/\/www.mioro.com.tr\/blog-grid\/#breadcrumb","itemListElement":[{"@type":"ListItem","position":1,"name":"Anasayfa","item":"https:\/\/www.mioro.com.tr\/"},{"@type":"ListItem","position":2,"name":"Blog Grid"}]},{"@type":"WebSite","@id":"https:\/\/www.mioro.com.tr\/#website","url":"https:\/\/www.mioro.com.tr\/","name":"Mioro","description":"Alt\u0131n Zincir \u00dcreticisi ve Alt\u0131n Tak\u0131 \u00dcreticisi Toptanc\u0131s\u0131","potentialAction":[{"@type":"SearchAction","target":{"@type":"EntryPoint","urlTemplate":"https:\/\/www.mioro.com.tr\/?s={search_term_string}"},"query-input":{"@type":"PropertyValueSpecification","valueRequired":true,"valueName":"search_term_string"}}],"inLanguage":"tr"}]}},"_links":{"self":[{"href":"https:\/\/www.mioro.com.tr\/tr\/wp-json\/wp\/v2\/pages\/120","targetHints":{"allow":["GET"]}}],"collection":[{"href":"https:\/\/www.mioro.com.tr\/tr\/wp-json\/wp\/v2\/pages"}],"about":[{"href":"https:\/\/www.mioro.com.tr\/tr\/wp-json\/wp\/v2\/types\/page"}],"author":[{"embeddable":true,"href":"https:\/\/www.mioro.com.tr\/tr\/wp-json\/wp\/v2\/users\/1"}],"replies":[{"embeddable":true,"href":"https:\/\/www.mioro.com.tr\/tr\/wp-json\/wp\/v2\/comments?post=120"}],"version-history":[{"count":0,"href":"https:\/\/www.mioro.com.tr\/tr\/wp-json\/wp\/v2\/pages\/120\/revisions"}],"wp:attachment":[{"href":"https:\/\/www.mioro.com.tr\/tr\/wp-json\/wp\/v2\/media?parent=120"}],"curies":[{"name":"wp","href":"https:\/\/api.w.org\/{rel}","templated":true}]}}